
{"id":3719,"date":"2020-04-29T16:20:10","date_gmt":"2022-03-31T12:50:33","guid":{"rendered":"https:\/\/www.jardinsduroisoleil.com\/nos-produits\/stone-urn-chateau-de-versailles\/"},"modified":"2026-01-27T13:32:16","modified_gmt":"2026-01-27T12:32:16","slug":"stone-urn-chateau-de-versailles","status":"publish","type":"product","link":"https:\/\/www.jardinsduroisoleil.com\/en\/nos-produits\/stone-urn-chateau-de-versailles\/","title":{"rendered":"Ch\u00e2teau de Versailles Savonni\u00e8res stone vase"},"content":{"rendered":"\t\t<div data-elementor-type=\"product-post\" data-elementor-id=\"3719\" class=\"elementor elementor-3719 elementor-2344\" data-elementor-settings=\"[]\">\n\t\t\t<div class=\"elementor-inner\">\n\t\t\t\t<div class=\"elementor-section-wrap\">\n\t\t\t\t\t\t\t<section class=\"elementor-element elementor-element-2674fe0f elementor-section-boxed elementor-section-height-default elementor-section-height-default elementor-section elementor-top-section\" data-id=\"2674fe0f\" data-element_type=\"section\" id=\"top\">\n\t\t\t\t\t\t<div class=\"elementor-container elementor-column-gap-default\">\n\t\t\t\t<div class=\"elementor-row\">\n\t\t\t\t<div class=\"elementor-element elementor-element-286eb4a1 elementor-column elementor-col-100 elementor-top-column\" data-id=\"286eb4a1\" data-element_type=\"column\">\n\t\t\t<div class=\"elementor-column-wrap  elementor-element-populated\">\n\t\t\t\t\t<div class=\"elementor-widget-wrap\">\n\t\t\t\t<div class=\"elementor-element elementor-element-64387890 elementor-widget elementor-widget-heading\" data-id=\"64387890\" data-element_type=\"widget\" data-widget_type=\"heading.default\">\n\t\t\t\t<div class=\"elementor-widget-container\">\n\t\t\t<h2 class=\"elementor-heading-title elementor-size-default\">M\u00e9dicis stone urnvase<\/h2>\t\t<\/div>\n\t\t\t\t<\/div>\n\t\t\t\t<div class=\"elementor-element elementor-element-24d4c41b elementor-widget elementor-widget-text-editor\" data-id=\"24d4c41b\" data-element_type=\"widget\" data-widget_type=\"text-editor.default\">\n\t\t\t\t<div class=\"elementor-widget-container\">\n\t\t\t\t\t<div class=\"elementor-text-editor elementor-clearfix\"><p>With the exclusive \u201cCh\u00e2teau de Versailles\u201d license, we offer stone garden vases identical to those that embellish different places in the park of Versailles. In particular, they can be found on the North lawn, in the descent towards the Marmousets.<\/p><p>Jardins du Roi Soleil offers all beautiful garden lovers this reissue of the authentic and timeless Ch\u00e2teau de Versailles vase, inspired by the French way of life.<\/p><p>Our Medicis vases are handcrafted in France with Savonni\u00e8res limestone.<\/p><\/div>\n\t\t\t\t<\/div>\n\t\t\t\t<\/div>\n\t\t\t\t\t\t<\/div>\n\t\t\t<\/div>\n\t\t<\/div>\n\t\t\t\t\t\t<\/div>\n\t\t\t<\/div>\n\t\t<\/section>\n\t\t\t\t<section class=\"elementor-element elementor-element-54c23618 elementor-section-stretched elementor-reverse-mobile elementor-section-boxed elementor-section-height-default elementor-section-height-default elementor-section elementor-top-section\" data-id=\"54c23618\" data-element_type=\"section\" id=\"taille\" data-settings=\"{&quot;stretch_section&quot;:&quot;section-stretched&quot;}\">\n\t\t\t\t\t\t<div class=\"elementor-container elementor-column-gap-default\">\n\t\t\t\t<div class=\"elementor-row\">\n\t\t\t\t<div class=\"elementor-element elementor-element-4de344ad elementor-column elementor-col-50 elementor-top-column\" data-id=\"4de344ad\" data-element_type=\"column\">\n\t\t\t<div class=\"elementor-column-wrap  elementor-element-populated\">\n\t\t\t\t\t<div class=\"elementor-widget-wrap\">\n\t\t\t\t<div class=\"elementor-element elementor-element-46b01262 elementor-widget elementor-widget-image\" data-id=\"46b01262\" data-element_type=\"widget\" data-widget_type=\"image.default\">\n\t\t\t\t<div class=\"elementor-widget-container\">\n\t\t\t\t\t<div class=\"elementor-image\">\n\t\t\t\t\t\t\t\t\t\t<img loading=\"lazy\" decoding=\"async\" width=\"644\" height=\"628\" src=\"https:\/\/www.jardinsduroisoleil.com\/wp-content\/uploads\/2020\/04\/vase-pierre-JRS.jpg\" class=\"attachment-large size-large\" alt=\"Vase en pierre de Savonni\u00e8res M\u00e9dicis\" srcset=\"https:\/\/www.jardinsduroisoleil.com\/wp-content\/uploads\/2020\/04\/vase-pierre-JRS.jpg 644w, https:\/\/www.jardinsduroisoleil.com\/wp-content\/uploads\/2020\/04\/vase-pierre-JRS-300x293.jpg 300w, https:\/\/www.jardinsduroisoleil.com\/wp-content\/uploads\/2020\/04\/vase-pierre-JRS-600x585.jpg 600w\" sizes=\"(max-width: 644px) 100vw, 644px\" \/>\t\t\t\t\t\t\t\t\t\t\t<\/div>\n\t\t\t\t<\/div>\n\t\t\t\t<\/div>\n\t\t\t\t\t\t<\/div>\n\t\t\t<\/div>\n\t\t<\/div>\n\t\t\t\t<div class=\"elementor-element elementor-element-6a4bd79d elementor-column elementor-col-50 elementor-top-column\" data-id=\"6a4bd79d\" data-element_type=\"column\">\n\t\t\t<div class=\"elementor-column-wrap  elementor-element-populated\">\n\t\t\t\t\t<div class=\"elementor-widget-wrap\">\n\t\t\t\t<div class=\"elementor-element elementor-element-fc3fa11 elementor-widget elementor-widget-heading\" data-id=\"fc3fa11\" data-element_type=\"widget\" data-widget_type=\"heading.default\">\n\t\t\t\t<div class=\"elementor-widget-container\">\n\t\t\t<h3 class=\"elementor-heading-title elementor-size-default\">Size<\/h3>\t\t<\/div>\n\t\t\t\t<\/div>\n\t\t\t\t<div class=\"elementor-element elementor-element-7d2663df elementor-widget elementor-widget-text-editor\" data-id=\"7d2663df\" data-element_type=\"widget\" data-widget_type=\"text-editor.default\">\n\t\t\t\t<div class=\"elementor-widget-container\">\n\t\t\t\t\t<div class=\"elementor-text-editor elementor-clearfix\"><p>Our M\u00e9dicis urns are 63,5 cm high and 42 cm wide with a 20 cm2 base and weigh 40 kg.<\/p><\/div>\n\t\t\t\t<\/div>\n\t\t\t\t<\/div>\n\t\t\t\t\t\t<\/div>\n\t\t\t<\/div>\n\t\t<\/div>\n\t\t\t\t\t\t<\/div>\n\t\t\t<\/div>\n\t\t<\/section>\n\t\t\t\t<section class=\"elementor-element elementor-element-486995ca elementor-section-stretched elementor-section-boxed elementor-section-height-default elementor-section-height-default elementor-section elementor-top-section\" data-id=\"486995ca\" data-element_type=\"section\" id=\"couleur\" data-settings=\"{&quot;stretch_section&quot;:&quot;section-stretched&quot;}\">\n\t\t\t\t\t\t<div class=\"elementor-container elementor-column-gap-default\">\n\t\t\t\t<div class=\"elementor-row\">\n\t\t\t\t<div class=\"elementor-element elementor-element-45923e16 elementor-column elementor-col-50 elementor-top-column\" data-id=\"45923e16\" data-element_type=\"column\">\n\t\t\t<div class=\"elementor-column-wrap  elementor-element-populated\">\n\t\t\t\t\t<div class=\"elementor-widget-wrap\">\n\t\t\t\t<div class=\"elementor-element elementor-element-3556af72 elementor-widget elementor-widget-heading\" data-id=\"3556af72\" data-element_type=\"widget\" data-widget_type=\"heading.default\">\n\t\t\t\t<div class=\"elementor-widget-container\">\n\t\t\t<h3 class=\"elementor-heading-title elementor-size-default\">Colour<\/h3>\t\t<\/div>\n\t\t\t\t<\/div>\n\t\t\t\t<div class=\"elementor-element elementor-element-69f7a703 elementor-widget elementor-widget-text-editor\" data-id=\"69f7a703\" data-element_type=\"widget\" data-widget_type=\"text-editor.default\">\n\t\t\t\t<div class=\"elementor-widget-container\">\n\t\t\t\t\t<div class=\"elementor-text-editor elementor-clearfix\"><p>A slight iron oxide content gives the stone its characteristic blond colour, tinged with beige hues ranging from gray to pink.<\/p>\n<\/div>\n\t\t\t\t<\/div>\n\t\t\t\t<\/div>\n\t\t\t\t\t\t<\/div>\n\t\t\t<\/div>\n\t\t<\/div>\n\t\t\t\t<div class=\"elementor-element elementor-element-7d345a68 elementor-column elementor-col-50 elementor-top-column\" data-id=\"7d345a68\" data-element_type=\"column\">\n\t\t\t<div class=\"elementor-column-wrap  elementor-element-populated\">\n\t\t\t\t\t<div class=\"elementor-widget-wrap\">\n\t\t\t\t<div class=\"elementor-element elementor-element-7d3554b3 elementor-widget elementor-widget-image\" data-id=\"7d3554b3\" data-element_type=\"widget\" data-widget_type=\"image.default\">\n\t\t\t\t<div class=\"elementor-widget-container\">\n\t\t\t\t\t<div class=\"elementor-image\">\n\t\t\t\t\t\t\t\t\t\t<img loading=\"lazy\" decoding=\"async\" width=\"683\" height=\"1024\" src=\"https:\/\/www.jardinsduroisoleil.com\/wp-content\/uploads\/2020\/04\/DSCF0107-HDR-2-683x1024.jpg\" class=\"attachment-large size-large\" alt=\"\" srcset=\"https:\/\/www.jardinsduroisoleil.com\/wp-content\/uploads\/2020\/04\/DSCF0107-HDR-2-683x1024.jpg 683w, https:\/\/www.jardinsduroisoleil.com\/wp-content\/uploads\/2020\/04\/DSCF0107-HDR-2-200x300.jpg 200w, https:\/\/www.jardinsduroisoleil.com\/wp-content\/uploads\/2020\/04\/DSCF0107-HDR-2-768x1152.jpg 768w, https:\/\/www.jardinsduroisoleil.com\/wp-content\/uploads\/2020\/04\/DSCF0107-HDR-2-1024x1536.jpg 1024w, https:\/\/www.jardinsduroisoleil.com\/wp-content\/uploads\/2020\/04\/DSCF0107-HDR-2-1365x2048.jpg 1365w, https:\/\/www.jardinsduroisoleil.com\/wp-content\/uploads\/2020\/04\/DSCF0107-HDR-2-600x900.jpg 600w, https:\/\/www.jardinsduroisoleil.com\/wp-content\/uploads\/2020\/04\/DSCF0107-HDR-2-scaled.jpg 1707w\" sizes=\"(max-width: 683px) 100vw, 683px\" \/>\t\t\t\t\t\t\t\t\t\t\t<\/div>\n\t\t\t\t<\/div>\n\t\t\t\t<\/div>\n\t\t\t\t\t\t<\/div>\n\t\t\t<\/div>\n\t\t<\/div>\n\t\t\t\t\t\t<\/div>\n\t\t\t<\/div>\n\t\t<\/section>\n\t\t\t\t<section class=\"elementor-element elementor-element-598181de elementor-section-boxed elementor-section-height-default elementor-section-height-default elementor-section elementor-top-section\" data-id=\"598181de\" data-element_type=\"section\">\n\t\t\t\t\t\t<div class=\"elementor-container elementor-column-gap-no\">\n\t\t\t\t<div class=\"elementor-row\">\n\t\t\t\t<div class=\"elementor-element elementor-element-695491e4 elementor-column elementor-col-100 elementor-top-column\" data-id=\"695491e4\" data-element_type=\"column\">\n\t\t\t<div class=\"elementor-column-wrap  elementor-element-populated\">\n\t\t\t\t\t<div class=\"elementor-widget-wrap\">\n\t\t\t\t<div class=\"elementor-element elementor-element-48d9c808 elementor-align-center elementor-widget__width-auto elementor-widget elementor-widget-button\" data-id=\"48d9c808\" data-element_type=\"widget\" data-widget_type=\"button.default\">\n\t\t\t\t<div class=\"elementor-widget-container\">\n\t\t\t\t\t<div class=\"elementor-button-wrapper\">\n\t\t\t<a href=\"#primary\" class=\"elementor-button-link elementor-button elementor-size-md\" role=\"button\">\n\t\t\t\t\t\t<span class=\"elementor-button-content-wrapper\">\n\t\t\t\t\t\t<span class=\"elementor-button-text\">Ask for a quote<\/span>\n\t\t<\/span>\n\t\t\t\t\t<\/a>\n\t\t<\/div>\n\t\t\t\t<\/div>\n\t\t\t\t<\/div>\n\t\t\t\t\t\t<\/div>\n\t\t\t<\/div>\n\t\t<\/div>\n\t\t\t\t\t\t<\/div>\n\t\t\t<\/div>\n\t\t<\/section>\n\t\t\t\t<section class=\"elementor-element elementor-element-29eb510f elementor-reverse-mobile elementor-section-boxed elementor-section-height-default elementor-section-height-default elementor-section elementor-top-section\" data-id=\"29eb510f\" data-element_type=\"section\">\n\t\t\t\t\t\t<div class=\"elementor-container elementor-column-gap-default\">\n\t\t\t\t<div class=\"elementor-row\">\n\t\t\t\t<div class=\"elementor-element elementor-element-773daa51 elementor-column elementor-col-100 elementor-top-column\" data-id=\"773daa51\" data-element_type=\"column\">\n\t\t\t<div class=\"elementor-column-wrap  elementor-element-populated\">\n\t\t\t\t\t<div class=\"elementor-widget-wrap\">\n\t\t\t\t<div class=\"elementor-element elementor-element-82f582d elementor-widget elementor-widget-heading\" data-id=\"82f582d\" data-element_type=\"widget\" data-widget_type=\"heading.default\">\n\t\t\t\t<div class=\"elementor-widget-container\">\n\t\t\t<h2 class=\"elementor-heading-title elementor-size-default\">Manufacturing, packaging, delivery<\/h2>\t\t<\/div>\n\t\t\t\t<\/div>\n\t\t\t\t\t\t<\/div>\n\t\t\t<\/div>\n\t\t<\/div>\n\t\t\t\t\t\t<\/div>\n\t\t\t<\/div>\n\t\t<\/section>\n\t\t\t\t<section class=\"elementor-element elementor-element-3c6bea75 elementor-reverse-mobile elementor-section-boxed elementor-section-height-default elementor-section-height-default elementor-section elementor-top-section\" data-id=\"3c6bea75\" data-element_type=\"section\">\n\t\t\t\t\t\t<div class=\"elementor-container elementor-column-gap-default\">\n\t\t\t\t<div class=\"elementor-row\">\n\t\t\t\t<div class=\"elementor-element elementor-element-4bb5c8f9 elementor-column elementor-col-50 elementor-top-column\" data-id=\"4bb5c8f9\" data-element_type=\"column\">\n\t\t\t<div class=\"elementor-column-wrap  elementor-element-populated\">\n\t\t\t\t\t<div class=\"elementor-widget-wrap\">\n\t\t\t\t<div class=\"elementor-element elementor-element-6c2fed4d elementor-widget elementor-widget-text-editor\" data-id=\"6c2fed4d\" data-element_type=\"widget\" data-widget_type=\"text-editor.default\">\n\t\t\t\t<div class=\"elementor-widget-container\">\n\t\t\t\t\t<div class=\"elementor-text-editor elementor-clearfix\"><p>The manufacturing, conditioning and packaging of the &#8220;Ch\u00e2teau de Versailles&#8221; Savonni\u00e8res M\u00e9dicis stone vases are entirely made in France. The mythical limestone stone has a very fine grain, very good resistance to cold and is easy to cut. The stone of Savonni\u00e8res has been exploited for centuries for the construction, sculpture and renovation of historical monuments.<\/p><p>For European shipments, the vase is placed on a wooden pallet and packed in a cardboard box. For all other shipments, it is placed on a wooden pallet and packed in a wooden crate.<\/p><\/div>\n\t\t\t\t<\/div>\n\t\t\t\t<\/div>\n\t\t\t\t\t\t<\/div>\n\t\t\t<\/div>\n\t\t<\/div>\n\t\t\t\t<div class=\"elementor-element elementor-element-5338190a elementor-column elementor-col-50 elementor-top-column\" data-id=\"5338190a\" data-element_type=\"column\">\n\t\t\t<div class=\"elementor-column-wrap  elementor-element-populated\">\n\t\t\t\t\t<div class=\"elementor-widget-wrap\">\n\t\t\t\t<div class=\"elementor-element elementor-element-57a190b0 elementor-widget elementor-widget-image\" data-id=\"57a190b0\" data-element_type=\"widget\" data-widget_type=\"image.default\">\n\t\t\t\t<div class=\"elementor-widget-container\">\n\t\t\t\t\t<div class=\"elementor-image\">\n\t\t\t\t\t\t\t\t\t\t<img loading=\"lazy\" decoding=\"async\" width=\"724\" height=\"525\" src=\"https:\/\/www.jardinsduroisoleil.com\/wp-content\/uploads\/2019\/10\/caisse8.jpg\" class=\"attachment-large size-large\" alt=\"Fabrication, conditionnement, livraison\u200b\" srcset=\"https:\/\/www.jardinsduroisoleil.com\/wp-content\/uploads\/2019\/10\/caisse8.jpg 724w, https:\/\/www.jardinsduroisoleil.com\/wp-content\/uploads\/2019\/10\/caisse8-300x218.jpg 300w, https:\/\/www.jardinsduroisoleil.com\/wp-content\/uploads\/2019\/10\/caisse8-600x435.jpg 600w\" sizes=\"(max-width: 724px) 100vw, 724px\" \/>\t\t\t\t\t\t\t\t\t\t\t<\/div>\n\t\t\t\t<\/div>\n\t\t\t\t<\/div>\n\t\t\t\t\t\t<\/div>\n\t\t\t<\/div>\n\t\t<\/div>\n\t\t\t\t\t\t<\/div>\n\t\t\t<\/div>\n\t\t<\/section>\n\t\t\t\t<section class=\"elementor-element elementor-element-055f17c elementor-section-boxed elementor-section-height-default elementor-section-height-default elementor-section elementor-top-section\" data-id=\"055f17c\" data-element_type=\"section\">\n\t\t\t\t\t\t<div class=\"elementor-container elementor-column-gap-extended\">\n\t\t\t\t<div class=\"elementor-row\">\n\t\t\t\t<div class=\"elementor-element elementor-element-aaf7cde elementor-column elementor-col-100 elementor-top-column\" data-id=\"aaf7cde\" data-element_type=\"column\">\n\t\t\t<div class=\"elementor-column-wrap  elementor-element-populated\">\n\t\t\t\t\t<div class=\"elementor-widget-wrap\">\n\t\t\t\t<div class=\"elementor-element elementor-element-3ff1637 elementor-align-center elementor-widget__width-auto elementor-tablet-align-center elementor-widget elementor-widget-button\" data-id=\"3ff1637\" data-element_type=\"widget\" data-widget_type=\"button.default\">\n\t\t\t\t<div class=\"elementor-widget-container\">\n\t\t\t\t\t<div class=\"elementor-button-wrapper\">\n\t\t\t<a href=\"#primary\" class=\"elementor-button-link elementor-button elementor-size-md\" role=\"button\">\n\t\t\t\t\t\t<span class=\"elementor-button-content-wrapper\">\n\t\t\t\t\t\t<span class=\"elementor-button-text\">Ask for a quote<\/span>\n\t\t<\/span>\n\t\t\t\t\t<\/a>\n\t\t<\/div>\n\t\t\t\t<\/div>\n\t\t\t\t<\/div>\n\t\t\t\t\t\t<\/div>\n\t\t\t<\/div>\n\t\t<\/div>\n\t\t\t\t\t\t<\/div>\n\t\t\t<\/div>\n\t\t<\/section>\n\t\t\t\t\t\t<\/div>\n\t\t\t<\/div>\n\t\t<\/div>\n\t\t","protected":false},"excerpt":{"rendered":"<p>The Pierre de Savonni\u00e8res Medicis vase is carved from a block.<br \/>\nRequest a quote by filling in the quantity:<\/p>\n","protected":false},"featured_media":2340,"template":"","meta":[],"product_cat":[46],"product_tag":[],"_links":{"self":[{"href":"https:\/\/www.jardinsduroisoleil.com\/en\/wp-json\/wp\/v2\/product\/3719"}],"collection":[{"href":"https:\/\/www.jardinsduroisoleil.com\/en\/wp-json\/wp\/v2\/product"}],"about":[{"href":"https:\/\/www.jardinsduroisoleil.com\/en\/wp-json\/wp\/v2\/types\/product"}],"version-history":[{"count":12,"href":"https:\/\/www.jardinsduroisoleil.com\/en\/wp-json\/wp\/v2\/product\/3719\/revisions"}],"predecessor-version":[{"id":7532,"href":"https:\/\/www.jardinsduroisoleil.com\/en\/wp-json\/wp\/v2\/product\/3719\/revisions\/7532"}],"wp:featuredmedia":[{"embeddable":true,"href":"https:\/\/www.jardinsduroisoleil.com\/en\/wp-json\/wp\/v2\/media\/2340"}],"wp:attachment":[{"href":"https:\/\/www.jardinsduroisoleil.com\/en\/wp-json\/wp\/v2\/media?parent=3719"}],"wp:term":[{"taxonomy":"product_cat","embeddable":true,"href":"https:\/\/www.jardinsduroisoleil.com\/en\/wp-json\/wp\/v2\/product_cat?post=3719"},{"taxonomy":"product_tag","embeddable":true,"href":"https:\/\/www.jardinsduroisoleil.com\/en\/wp-json\/wp\/v2\/product_tag?post=3719"}],"curies":[{"name":"wp","href":"https:\/\/api.w.org\/{rel}","templated":true}]}}