
{"id":11907,"date":"2025-01-13T13:57:18","date_gmt":"2025-02-24T15:27:16","guid":{"rendered":"https:\/\/www.jardinsduroisoleil.com\/?post_type=product&#038;p=11907"},"modified":"2026-01-29T17:08:51","modified_gmt":"2026-01-29T16:08:51","slug":"simple-rose-garden","status":"publish","type":"product","link":"https:\/\/www.jardinsduroisoleil.com\/en\/nos-produits\/simple-rose-garden\/","title":{"rendered":"Simple rose garden"},"content":{"rendered":"\t\t<div data-elementor-type=\"product-post\" data-elementor-id=\"11907\" class=\"elementor elementor-11907 elementor-11365\" data-elementor-settings=\"[]\">\n\t\t\t<div class=\"elementor-inner\">\n\t\t\t\t<div class=\"elementor-section-wrap\">\n\t\t\t\t\t\t\t<section class=\"elementor-element elementor-element-6c8b51c elementor-section-boxed elementor-section-height-default elementor-section-height-default elementor-section elementor-top-section\" data-id=\"6c8b51c\" data-element_type=\"section\">\n\t\t\t\t\t\t<div class=\"elementor-container elementor-column-gap-default\">\n\t\t\t\t<div class=\"elementor-row\">\n\t\t\t\t<div class=\"elementor-element elementor-element-71b6d10 elementor-column elementor-col-100 elementor-top-column\" data-id=\"71b6d10\" data-element_type=\"column\">\n\t\t\t<div class=\"elementor-column-wrap  elementor-element-populated\">\n\t\t\t\t\t<div class=\"elementor-widget-wrap\">\n\t\t\t\t<div class=\"elementor-element elementor-element-b547ae9 elementor-widget elementor-widget-heading\" data-id=\"b547ae9\" data-element_type=\"widget\" data-widget_type=\"heading.default\">\n\t\t\t\t<div class=\"elementor-widget-container\">\n\t\t\t<h2 class=\"elementor-heading-title elementor-size-default\">Roseraie simple<\/h2>\t\t<\/div>\n\t\t\t\t<\/div>\n\t\t\t\t\t\t<\/div>\n\t\t\t<\/div>\n\t\t<\/div>\n\t\t\t\t\t\t<\/div>\n\t\t\t<\/div>\n\t\t<\/section>\n\t\t\t\t<section class=\"elementor-element elementor-element-208fb33f elementor-section-stretched elementor-section-boxed elementor-section-height-default elementor-section-height-default elementor-section elementor-top-section\" data-id=\"208fb33f\" data-element_type=\"section\" data-settings=\"{&quot;stretch_section&quot;:&quot;section-stretched&quot;}\">\n\t\t\t\t\t\t<div class=\"elementor-container elementor-column-gap-default\">\n\t\t\t\t<div class=\"elementor-row\">\n\t\t\t\t<div class=\"elementor-element elementor-element-2e24c35a elementor-column elementor-col-50 elementor-top-column\" data-id=\"2e24c35a\" data-element_type=\"column\">\n\t\t\t<div class=\"elementor-column-wrap  elementor-element-populated\">\n\t\t\t\t\t<div class=\"elementor-widget-wrap\">\n\t\t\t\t<div class=\"elementor-element elementor-element-646d2f7b elementor-widget elementor-widget-image\" data-id=\"646d2f7b\" data-element_type=\"widget\" data-widget_type=\"image.default\">\n\t\t\t\t<div class=\"elementor-widget-container\">\n\t\t\t\t\t<div class=\"elementor-image\">\n\t\t\t\t\t\t\t\t\t\t<img loading=\"lazy\" decoding=\"async\" width=\"800\" height=\"800\" src=\"https:\/\/www.jardinsduroisoleil.com\/wp-content\/uploads\/2025\/01\/Roseraie-DSCF1835-Modifier-1024x1024.jpg\" class=\"attachment-large size-large\" alt=\"\" srcset=\"https:\/\/www.jardinsduroisoleil.com\/wp-content\/uploads\/2025\/01\/Roseraie-DSCF1835-Modifier-1024x1024.jpg 1024w, https:\/\/www.jardinsduroisoleil.com\/wp-content\/uploads\/2025\/01\/Roseraie-DSCF1835-Modifier-300x300.jpg 300w, https:\/\/www.jardinsduroisoleil.com\/wp-content\/uploads\/2025\/01\/Roseraie-DSCF1835-Modifier-150x150.jpg 150w, https:\/\/www.jardinsduroisoleil.com\/wp-content\/uploads\/2025\/01\/Roseraie-DSCF1835-Modifier-768x768.jpg 768w, https:\/\/www.jardinsduroisoleil.com\/wp-content\/uploads\/2025\/01\/Roseraie-DSCF1835-Modifier-1536x1536.jpg 1536w, https:\/\/www.jardinsduroisoleil.com\/wp-content\/uploads\/2025\/01\/Roseraie-DSCF1835-Modifier-2048x2048.jpg 2048w, https:\/\/www.jardinsduroisoleil.com\/wp-content\/uploads\/2025\/01\/Roseraie-DSCF1835-Modifier-600x600.jpg 600w, https:\/\/www.jardinsduroisoleil.com\/wp-content\/uploads\/2025\/01\/Roseraie-DSCF1835-Modifier-100x100.jpg 100w\" sizes=\"(max-width: 800px) 100vw, 800px\" \/>\t\t\t\t\t\t\t\t\t\t\t<\/div>\n\t\t\t\t<\/div>\n\t\t\t\t<\/div>\n\t\t\t\t\t\t<\/div>\n\t\t\t<\/div>\n\t\t<\/div>\n\t\t\t\t<div class=\"elementor-element elementor-element-34add1e5 elementor-column elementor-col-50 elementor-top-column\" data-id=\"34add1e5\" data-element_type=\"column\">\n\t\t\t<div class=\"elementor-column-wrap  elementor-element-populated\">\n\t\t\t\t\t<div class=\"elementor-widget-wrap\">\n\t\t\t\t<div class=\"elementor-element elementor-element-30b542a7 elementor-widget elementor-widget-heading\" data-id=\"30b542a7\" data-element_type=\"widget\" data-widget_type=\"heading.default\">\n\t\t\t\t<div class=\"elementor-widget-container\">\n\t\t\t<h3 class=\"elementor-heading-title elementor-size-default\">Roseraie simple<\/h3>\t\t<\/div>\n\t\t\t\t<\/div>\n\t\t\t\t<div class=\"elementor-element elementor-element-2ef43c87 elementor-widget elementor-widget-text-editor\" data-id=\"2ef43c87\" data-element_type=\"widget\" data-widget_type=\"text-editor.default\">\n\t\t\t\t<div class=\"elementor-widget-container\">\n\t\t\t\t\t<div class=\"elementor-text-editor elementor-clearfix\"><p><strong>Comprenant un ensemble de<\/strong> : 4 tuteurs 50 cm + 4 tuteurs 150 cm + 4 tuteurs 250 cm\u00a0 avec lien en cuir<\/p><p><strong>Mati\u00e8re<\/strong> : Aluminium (fonte \u00e0 la cire perdue)<\/p><p><strong>Poids de l&#8217;ensemble <\/strong>: 13,6 kg<\/p><p><strong>Dimensions de la structure compl\u00e8te<\/strong> : Hauteur 250 cm &#8211; Largeur 150 cm &#8211; Profondeur 50 cm <\/p><p><strong>Finition<\/strong> : Laqu\u00e9e puis patin\u00e9e \u00e0 la main<\/p><p><strong>Teinte<\/strong> : 3 possibilit\u00e9s<\/p><\/div>\n\t\t\t\t<\/div>\n\t\t\t\t<\/div>\n\t\t\t\t<section class=\"elementor-element elementor-element-fb37cc3 elementor-section-boxed elementor-section-height-default elementor-section-height-default elementor-section elementor-inner-section\" data-id=\"fb37cc3\" data-element_type=\"section\">\n\t\t\t\t\t\t<div class=\"elementor-container elementor-column-gap-default\">\n\t\t\t\t<div class=\"elementor-row\">\n\t\t\t\t<div class=\"elementor-element elementor-element-7f2f280 elementor-column elementor-col-33 elementor-inner-column\" data-id=\"7f2f280\" data-element_type=\"column\">\n\t\t\t<div class=\"elementor-column-wrap  elementor-element-populated\">\n\t\t\t\t\t<div class=\"elementor-widget-wrap\">\n\t\t\t\t<div class=\"elementor-element elementor-element-b5a1540 elementor-widget elementor-widget-image\" data-id=\"b5a1540\" data-element_type=\"widget\" data-widget_type=\"image.default\">\n\t\t\t\t<div class=\"elementor-widget-container\">\n\t\t\t\t\t<div class=\"elementor-image\">\n\t\t\t\t\t\t\t<figure class=\"wp-caption\">\n\t\t\t\t\t\t\t\t\t\t<img loading=\"lazy\" decoding=\"async\" width=\"73\" height=\"73\" src=\"https:\/\/www.jardinsduroisoleil.com\/wp-content\/uploads\/2023\/12\/marron.jpg\" class=\"attachment-large size-large\" alt=\"\" \/>\t\t\t\t\t\t\t\t\t\t\t<figcaption class=\"widget-image-caption wp-caption-text\">Nigra<\/figcaption>\n\t\t\t\t\t\t\t\t\t\t<\/figure>\n\t\t\t\t\t<\/div>\n\t\t\t\t<\/div>\n\t\t\t\t<\/div>\n\t\t\t\t\t\t<\/div>\n\t\t\t<\/div>\n\t\t<\/div>\n\t\t\t\t<div class=\"elementor-element elementor-element-66d2879 elementor-column elementor-col-33 elementor-inner-column\" data-id=\"66d2879\" data-element_type=\"column\">\n\t\t\t<div class=\"elementor-column-wrap  elementor-element-populated\">\n\t\t\t\t\t<div class=\"elementor-widget-wrap\">\n\t\t\t\t<div class=\"elementor-element elementor-element-c564724 elementor-widget elementor-widget-image\" data-id=\"c564724\" data-element_type=\"widget\" data-widget_type=\"image.default\">\n\t\t\t\t<div class=\"elementor-widget-container\">\n\t\t\t\t\t<div class=\"elementor-image\">\n\t\t\t\t\t\t\t<figure class=\"wp-caption\">\n\t\t\t\t\t\t\t\t\t\t<img loading=\"lazy\" decoding=\"async\" width=\"70\" height=\"72\" src=\"https:\/\/www.jardinsduroisoleil.com\/wp-content\/uploads\/2023\/12\/sable.jpg\" class=\"attachment-large size-large\" alt=\"\" \/>\t\t\t\t\t\t\t\t\t\t\t<figcaption class=\"widget-image-caption wp-caption-text\">Tabaco<\/figcaption>\n\t\t\t\t\t\t\t\t\t\t<\/figure>\n\t\t\t\t\t<\/div>\n\t\t\t\t<\/div>\n\t\t\t\t<\/div>\n\t\t\t\t\t\t<\/div>\n\t\t\t<\/div>\n\t\t<\/div>\n\t\t\t\t<div class=\"elementor-element elementor-element-5ff393c elementor-column elementor-col-33 elementor-inner-column\" data-id=\"5ff393c\" data-element_type=\"column\">\n\t\t\t<div class=\"elementor-column-wrap  elementor-element-populated\">\n\t\t\t\t\t<div class=\"elementor-widget-wrap\">\n\t\t\t\t<div class=\"elementor-element elementor-element-84ffeaa elementor-widget elementor-widget-image\" data-id=\"84ffeaa\" data-element_type=\"widget\" data-widget_type=\"image.default\">\n\t\t\t\t<div class=\"elementor-widget-container\">\n\t\t\t\t\t<div class=\"elementor-image\">\n\t\t\t\t\t\t\t<figure class=\"wp-caption\">\n\t\t\t\t\t\t\t\t\t\t<img loading=\"lazy\" decoding=\"async\" width=\"83\" height=\"76\" src=\"https:\/\/www.jardinsduroisoleil.com\/wp-content\/uploads\/2023\/12\/Vert.jpg\" class=\"attachment-large size-large\" alt=\"\" \/>\t\t\t\t\t\t\t\t\t\t\t<figcaption class=\"widget-image-caption wp-caption-text\">Verdo<\/figcaption>\n\t\t\t\t\t\t\t\t\t\t<\/figure>\n\t\t\t\t\t<\/div>\n\t\t\t\t<\/div>\n\t\t\t\t<\/div>\n\t\t\t\t\t\t<\/div>\n\t\t\t<\/div>\n\t\t<\/div>\n\t\t\t\t\t\t<\/div>\n\t\t\t<\/div>\n\t\t<\/section>\n\t\t\t\t<div class=\"elementor-element elementor-element-46f5942 elementor-widget elementor-widget-text-editor\" data-id=\"46f5942\" data-element_type=\"widget\" data-widget_type=\"text-editor.default\">\n\t\t\t\t<div class=\"elementor-widget-container\">\n\t\t\t\t\t<div class=\"elementor-text-editor elementor-clearfix\"><\/div>\n\t\t\t\t<\/div>\n\t\t\t\t<\/div>\n\t\t\t\t<div class=\"elementor-element elementor-element-31f4bf0 elementor-widget elementor-widget-text-editor\" data-id=\"31f4bf0\" data-element_type=\"widget\" data-widget_type=\"text-editor.default\">\n\t\t\t\t<div class=\"elementor-widget-container\">\n\t\t\t\t\t<div class=\"elementor-text-editor elementor-clearfix\"><p><strong>La structure compl\u00e8te<\/strong> : 3785 \u20ac HT &#8211; (4542 \u20ac TTC)<\/p><p><strong>D\u00e9lais : <\/strong>8 \u00e0 12 semaines<\/p><p>Livraison en colis<\/p><p><a href=\"https:\/\/www.jardinsduroisoleil.com\/conditions-generales-dexpeditions-de-la-boutique-en-ligne\/\">Voir les conditions d&#8217;exp\u00e9dition<\/a><\/p><div id=\"ritekit-alerts\">\u00a0<\/div><div id=\"ritekit-alerts\">\u00a0<\/div><\/div>\n\t\t\t\t<\/div>\n\t\t\t\t<\/div>\n\t\t\t\t\t\t<\/div>\n\t\t\t<\/div>\n\t\t<\/div>\n\t\t\t\t\t\t<\/div>\n\t\t\t<\/div>\n\t\t<\/section>\n\t\t\t\t<section class=\"elementor-element elementor-element-3db63b8 elementor-section-boxed elementor-section-height-default elementor-section-height-default elementor-section elementor-top-section\" data-id=\"3db63b8\" data-element_type=\"section\">\n\t\t\t\t\t\t<div class=\"elementor-container elementor-column-gap-default\">\n\t\t\t\t<div class=\"elementor-row\">\n\t\t\t\t<div class=\"elementor-element elementor-element-5ce0e02 elementor-column elementor-col-100 elementor-top-column\" data-id=\"5ce0e02\" data-element_type=\"column\">\n\t\t\t<div class=\"elementor-column-wrap  elementor-element-populated\">\n\t\t\t\t\t<div class=\"elementor-widget-wrap\">\n\t\t\t\t<div class=\"elementor-element elementor-element-f25958c elementor-widget elementor-widget-text-editor\" data-id=\"f25958c\" data-element_type=\"widget\" data-widget_type=\"text-editor.default\">\n\t\t\t\t<div class=\"elementor-widget-container\">\n\t\t\t\t\t<div class=\"elementor-text-editor elementor-clearfix\"><p>Con\u00e7us et model\u00e9s en France, les bambous sont fondus et cisel\u00e9s \u00e0 la main dans le centre de la France par des artisants fondeurs fran\u00e7ais, entreprise labellis\u00e9e EPV (Entreprise du Patrimoine Vivant) selon la technique ancestrale de la cire perdue.<\/p><p>R\u00e9alis\u00e9s en aluminium &#8211; mat\u00e9riau imputrescible et totalement recyclable &#8211; ils sont patin\u00e9s \u00e0 la main en plusieurs finitions : \u201cTabaco\u201d comme le bambou sec, \u201cVerdo\u201d comme le bambou oriental frais, et \u00ab Nigra\u201d comme l\u2019\u00e9b\u00e8ne.<\/p><p>Les structures r\u00e9alis\u00e9es avec ces tuteurs sont une alternative \u00e9l\u00e9gante qui permet de conserver durablement un ensemble de plantes grimpantes avec le raffinement du bambou tout en \u00e9vitant toute alt\u00e9ration n\u00e9cessitant un remplacement p\u00e9riodique.<\/p><\/div>\n\t\t\t\t<\/div>\n\t\t\t\t<\/div>\n\t\t\t\t\t\t<\/div>\n\t\t\t<\/div>\n\t\t<\/div>\n\t\t\t\t\t\t<\/div>\n\t\t\t<\/div>\n\t\t<\/section>\n\t\t\t\t<section class=\"elementor-element elementor-element-6ba21ed elementor-section-boxed elementor-section-height-default elementor-section-height-default elementor-section elementor-top-section\" data-id=\"6ba21ed\" data-element_type=\"section\">\n\t\t\t\t\t\t<div class=\"elementor-container elementor-column-gap-default\">\n\t\t\t\t<div class=\"elementor-row\">\n\t\t\t\t<div class=\"elementor-element elementor-element-846d752 elementor-column elementor-col-100 elementor-top-column\" data-id=\"846d752\" data-element_type=\"column\">\n\t\t\t<div class=\"elementor-column-wrap  elementor-element-populated\">\n\t\t\t\t\t<div class=\"elementor-widget-wrap\">\n\t\t\t\t\t\t<\/div>\n\t\t\t<\/div>\n\t\t<\/div>\n\t\t\t\t\t\t<\/div>\n\t\t\t<\/div>\n\t\t<\/section>\n\t\t\t\t<section class=\"elementor-element elementor-element-6e6741d elementor-section-boxed elementor-section-height-default elementor-section-height-default elementor-section elementor-top-section\" data-id=\"6e6741d\" data-element_type=\"section\">\n\t\t\t\t\t\t<div class=\"elementor-container elementor-column-gap-narrow\">\n\t\t\t\t<div class=\"elementor-row\">\n\t\t\t\t<div class=\"elementor-element elementor-element-46307a0 elementor-column elementor-col-100 elementor-top-column\" data-id=\"46307a0\" data-element_type=\"column\">\n\t\t\t<div class=\"elementor-column-wrap  elementor-element-populated\">\n\t\t\t\t\t<div class=\"elementor-widget-wrap\">\n\t\t\t\t<div class=\"elementor-element elementor-element-0ca40c1 elementor-widget__width-inherit elementor-arrows-position-inside elementor-pagination-position-outside elementor-widget elementor-widget-image-carousel\" data-id=\"0ca40c1\" data-element_type=\"widget\" data-settings=\"{&quot;image_spacing_custom&quot;:{&quot;unit&quot;:&quot;px&quot;,&quot;size&quot;:2,&quot;sizes&quot;:[]},&quot;navigation&quot;:&quot;both&quot;,&quot;autoplay&quot;:&quot;yes&quot;,&quot;pause_on_hover&quot;:&quot;yes&quot;,&quot;pause_on_interaction&quot;:&quot;yes&quot;,&quot;autoplay_speed&quot;:5000,&quot;infinite&quot;:&quot;yes&quot;,&quot;speed&quot;:500,&quot;direction&quot;:&quot;ltr&quot;}\" data-widget_type=\"image-carousel.default\">\n\t\t\t\t<div class=\"elementor-widget-container\">\n\t\t\t\t\t<div class=\"elementor-image-carousel-wrapper swiper-container\" dir=\"ltr\">\n\t\t\t<div class=\"elementor-image-carousel swiper-wrapper\">\n\t\t\t\t<div class=\"swiper-slide\"><figure class=\"swiper-slide-inner\"><img decoding=\"async\" class=\"swiper-slide-image\" src=\"https:\/\/www.jardinsduroisoleil.com\/wp-content\/uploads\/2025\/01\/DSCF1820B-scaled.jpg\" alt=\"DSCF1820B\" \/><\/figure><\/div><div class=\"swiper-slide\"><figure class=\"swiper-slide-inner\"><img decoding=\"async\" class=\"swiper-slide-image\" src=\"https:\/\/www.jardinsduroisoleil.com\/wp-content\/uploads\/2025\/01\/DSCF1850-scaled.jpg\" alt=\"DSCF1850\" \/><\/figure><\/div><div class=\"swiper-slide\"><figure class=\"swiper-slide-inner\"><img decoding=\"async\" class=\"swiper-slide-image\" src=\"https:\/\/www.jardinsduroisoleil.com\/wp-content\/uploads\/2025\/01\/DSCF1862-scaled.jpg\" alt=\"DSCF1862\" \/><\/figure><\/div><div class=\"swiper-slide\"><figure class=\"swiper-slide-inner\"><img decoding=\"async\" class=\"swiper-slide-image\" src=\"https:\/\/www.jardinsduroisoleil.com\/wp-content\/uploads\/2025\/01\/DSCF1855-HDR-Modifier-2-scaled.jpg\" alt=\"DSCF1855-HDR-Modifier-2\" \/><\/figure><\/div>\t\t\t<\/div>\n\t\t\t\t\t\t\t\t\t\t\t\t<div class=\"swiper-pagination\"><\/div>\n\t\t\t\t\t\t\t\t\t\t\t\t\t<div class=\"elementor-swiper-button elementor-swiper-button-prev\">\n\t\t\t\t\t\t<i class=\"eicon-chevron-left\" aria-hidden=\"true\"><\/i>\n\t\t\t\t\t\t<span class=\"elementor-screen-only\">Previous<\/span>\n\t\t\t\t\t<\/div>\n\t\t\t\t\t<div class=\"elementor-swiper-button elementor-swiper-button-next\">\n\t\t\t\t\t\t<i class=\"eicon-chevron-right\" aria-hidden=\"true\"><\/i>\n\t\t\t\t\t\t<span class=\"elementor-screen-only\">Next<\/span>\n\t\t\t\t\t<\/div>\n\t\t\t\t\t\t\t\t\t<\/div>\n\t\t\t\t<\/div>\n\t\t\t\t<\/div>\n\t\t\t\t\t\t<\/div>\n\t\t\t<\/div>\n\t\t<\/div>\n\t\t\t\t\t\t<\/div>\n\t\t\t<\/div>\n\t\t<\/section>\n\t\t\t\t<section class=\"elementor-element elementor-element-a2aed16 elementor-section-boxed elementor-section-height-default elementor-section-height-default elementor-section elementor-top-section\" data-id=\"a2aed16\" data-element_type=\"section\">\n\t\t\t\t\t\t<div class=\"elementor-container elementor-column-gap-default\">\n\t\t\t\t<div class=\"elementor-row\">\n\t\t\t\t<div class=\"elementor-element elementor-element-778e10e7 elementor-column elementor-col-100 elementor-top-column\" data-id=\"778e10e7\" data-element_type=\"column\">\n\t\t\t<div class=\"elementor-column-wrap  elementor-element-populated\">\n\t\t\t\t\t<div class=\"elementor-widget-wrap\">\n\t\t\t\t<div class=\"elementor-element elementor-element-36abbb08 elementor-align-center elementor-widget__width-auto elementor-widget elementor-widget-button\" data-id=\"36abbb08\" data-element_type=\"widget\" data-widget_type=\"button.default\">\n\t\t\t\t<div class=\"elementor-widget-container\">\n\t\t\t\t\t<div class=\"elementor-button-wrapper\">\n\t\t\t<a href=\"#\" class=\"elementor-button-link elementor-button elementor-size-md\" role=\"button\">\n\t\t\t\t\t\t<span class=\"elementor-button-content-wrapper\">\n\t\t\t\t\t\t<span class=\"elementor-button-text\">Ajouter au panier<\/span>\n\t\t<\/span>\n\t\t\t\t\t<\/a>\n\t\t<\/div>\n\t\t\t\t<\/div>\n\t\t\t\t<\/div>\n\t\t\t\t\t\t<\/div>\n\t\t\t<\/div>\n\t\t<\/div>\n\t\t\t\t\t\t<\/div>\n\t\t\t<\/div>\n\t\t<\/section>\n\t\t\t\t<section class=\"elementor-element elementor-element-c643bf4 elementor-section-boxed elementor-section-height-default elementor-section-height-default elementor-section elementor-top-section\" data-id=\"c643bf4\" data-element_type=\"section\">\n\t\t\t\t\t\t<div class=\"elementor-container elementor-column-gap-default\">\n\t\t\t\t<div class=\"elementor-row\">\n\t\t\t\t<div class=\"elementor-element elementor-element-9070a8c elementor-column elementor-col-100 elementor-top-column\" data-id=\"9070a8c\" data-element_type=\"column\">\n\t\t\t<div class=\"elementor-column-wrap  elementor-element-populated\">\n\t\t\t\t\t<div class=\"elementor-widget-wrap\">\n\t\t\t\t<div class=\"elementor-element elementor-element-9444de4 elementor-widget elementor-widget-heading\" data-id=\"9444de4\" data-element_type=\"widget\" data-widget_type=\"heading.default\">\n\t\t\t\t<div class=\"elementor-widget-container\">\n\t\t\t<h2 class=\"elementor-heading-title elementor-size-default\">Vous aimerez aussi<\/h2>\t\t<\/div>\n\t\t\t\t<\/div>\n\t\t\t\t\t\t<\/div>\n\t\t\t<\/div>\n\t\t<\/div>\n\t\t\t\t\t\t<\/div>\n\t\t\t<\/div>\n\t\t<\/section>\n\t\t\t\t<section class=\"elementor-element elementor-element-542bbe5 elementor-section-boxed elementor-section-height-default elementor-section-height-default elementor-section elementor-top-section\" data-id=\"542bbe5\" data-element_type=\"section\">\n\t\t\t\t\t\t<div class=\"elementor-container elementor-column-gap-default\">\n\t\t\t\t<div class=\"elementor-row\">\n\t\t\t\t<div class=\"elementor-element elementor-element-324a897 elementor-column elementor-col-33 elementor-top-column\" data-id=\"324a897\" data-element_type=\"column\">\n\t\t\t<div class=\"elementor-column-wrap  elementor-element-populated\">\n\t\t\t\t\t<div class=\"elementor-widget-wrap\">\n\t\t\t\t<div class=\"elementor-element elementor-element-7d6a48a elementor-widget elementor-widget-image\" data-id=\"7d6a48a\" data-element_type=\"widget\" data-widget_type=\"image.default\">\n\t\t\t\t<div class=\"elementor-widget-container\">\n\t\t\t\t\t<div class=\"elementor-image\">\n\t\t\t\t\t\t\t\t\t\t\t<a href=\"https:\/\/www.jardinsduroisoleil.com\/nos-produits\/caisse-a-oranger-chateau-de-versailles\/\">\n\t\t\t\t\t\t\t<img loading=\"lazy\" decoding=\"async\" width=\"300\" height=\"300\" src=\"https:\/\/www.jardinsduroisoleil.com\/wp-content\/uploads\/2019\/10\/bac-vert-300x300.jpg\" class=\"attachment-woocommerce_thumbnail size-woocommerce_thumbnail\" alt=\"La Caisse \u00e0 oranger Ch\u00e2teau de Versailles en bois d\u2019Andr\u00e9 Le N\u00f4tre\u200b\" srcset=\"https:\/\/www.jardinsduroisoleil.com\/wp-content\/uploads\/2019\/10\/bac-vert-300x300.jpg 300w, https:\/\/www.jardinsduroisoleil.com\/wp-content\/uploads\/2019\/10\/bac-vert-150x150.jpg 150w, https:\/\/www.jardinsduroisoleil.com\/wp-content\/uploads\/2019\/10\/bac-vert-100x100.jpg 100w, https:\/\/www.jardinsduroisoleil.com\/wp-content\/uploads\/2019\/10\/bac-vert.jpg 340w\" sizes=\"(max-width: 300px) 100vw, 300px\" \/>\t\t\t\t\t\t\t\t<\/a>\n\t\t\t\t\t\t\t\t\t\t\t<\/div>\n\t\t\t\t<\/div>\n\t\t\t\t<\/div>\n\t\t\t\t\t\t<\/div>\n\t\t\t<\/div>\n\t\t<\/div>\n\t\t\t\t<div class=\"elementor-element elementor-element-e27791a elementor-column elementor-col-33 elementor-top-column\" data-id=\"e27791a\" data-element_type=\"column\">\n\t\t\t<div class=\"elementor-column-wrap  elementor-element-populated\">\n\t\t\t\t\t<div class=\"elementor-widget-wrap\">\n\t\t\t\t<div class=\"elementor-element elementor-element-5639394 elementor-widget elementor-widget-image\" data-id=\"5639394\" data-element_type=\"widget\" data-widget_type=\"image.default\">\n\t\t\t\t<div class=\"elementor-widget-container\">\n\t\t\t\t\t<div class=\"elementor-image\">\n\t\t\t\t\t\t\t\t\t\t\t<a href=\"https:\/\/www.jardinsduroisoleil.com\/en\/nos-produits\/vase-en-bronze-chateau-de-versailles-en\/\">\n\t\t\t\t\t\t\t<img loading=\"lazy\" decoding=\"async\" width=\"300\" height=\"300\" src=\"https:\/\/www.jardinsduroisoleil.com\/wp-content\/uploads\/2023\/12\/Vases-bronze-.jpg\" class=\"attachment-woocommerce_thumbnail size-woocommerce_thumbnail\" alt=\"Vases bronze\" srcset=\"https:\/\/www.jardinsduroisoleil.com\/wp-content\/uploads\/2023\/12\/Vases-bronze-.jpg 300w, https:\/\/www.jardinsduroisoleil.com\/wp-content\/uploads\/2023\/12\/Vases-bronze--150x150.jpg 150w, https:\/\/www.jardinsduroisoleil.com\/wp-content\/uploads\/2023\/12\/Vases-bronze--100x100.jpg 100w\" sizes=\"(max-width: 300px) 100vw, 300px\" \/>\t\t\t\t\t\t\t\t<\/a>\n\t\t\t\t\t\t\t\t\t\t\t<\/div>\n\t\t\t\t<\/div>\n\t\t\t\t<\/div>\n\t\t\t\t\t\t<\/div>\n\t\t\t<\/div>\n\t\t<\/div>\n\t\t\t\t<div class=\"elementor-element elementor-element-2dde0c4 elementor-column elementor-col-33 elementor-top-column\" data-id=\"2dde0c4\" data-element_type=\"column\">\n\t\t\t<div class=\"elementor-column-wrap  elementor-element-populated\">\n\t\t\t\t\t<div class=\"elementor-widget-wrap\">\n\t\t\t\t<div class=\"elementor-element elementor-element-a3c5726 elementor-widget elementor-widget-image\" data-id=\"a3c5726\" data-element_type=\"widget\" data-widget_type=\"image.default\">\n\t\t\t\t<div class=\"elementor-widget-container\">\n\t\t\t\t\t<div class=\"elementor-image\">\n\t\t\t\t\t\t\t\t\t\t\t<a href=\"https:\/\/www.jardinsduroisoleil.com\/en\/home-2\/our-products-and-services\/outdoor-furniture\/pedestral-table\/\">\n\t\t\t\t\t\t\t<img loading=\"lazy\" decoding=\"async\" width=\"300\" height=\"300\" src=\"https:\/\/www.jardinsduroisoleil.com\/wp-content\/uploads\/2024\/01\/Table-3_4-carre-300x300.jpg\" class=\"attachment-woocommerce_thumbnail size-woocommerce_thumbnail\" alt=\"Table d&#039;appoint\" srcset=\"https:\/\/www.jardinsduroisoleil.com\/wp-content\/uploads\/2024\/01\/Table-3_4-carre-300x300.jpg 300w, https:\/\/www.jardinsduroisoleil.com\/wp-content\/uploads\/2024\/01\/Table-3_4-carre-1024x1024.jpg 1024w, https:\/\/www.jardinsduroisoleil.com\/wp-content\/uploads\/2024\/01\/Table-3_4-carre-150x150.jpg 150w, https:\/\/www.jardinsduroisoleil.com\/wp-content\/uploads\/2024\/01\/Table-3_4-carre-768x768.jpg 768w, https:\/\/www.jardinsduroisoleil.com\/wp-content\/uploads\/2024\/01\/Table-3_4-carre-1536x1536.jpg 1536w, https:\/\/www.jardinsduroisoleil.com\/wp-content\/uploads\/2024\/01\/Table-3_4-carre-2048x2048.jpg 2048w, https:\/\/www.jardinsduroisoleil.com\/wp-content\/uploads\/2024\/01\/Table-3_4-carre-600x600.jpg 600w, https:\/\/www.jardinsduroisoleil.com\/wp-content\/uploads\/2024\/01\/Table-3_4-carre-100x100.jpg 100w\" sizes=\"(max-width: 300px) 100vw, 300px\" \/>\t\t\t\t\t\t\t\t<\/a>\n\t\t\t\t\t\t\t\t\t\t\t<\/div>\n\t\t\t\t<\/div>\n\t\t\t\t<\/div>\n\t\t\t\t\t\t<\/div>\n\t\t\t<\/div>\n\t\t<\/div>\n\t\t\t\t\t\t<\/div>\n\t\t\t<\/div>\n\t\t<\/section>\n\t\t\t\t\t\t<\/div>\n\t\t\t<\/div>\n\t\t<\/div>\n\t\t","protected":false},"excerpt":{"rendered":"<p>Roseraie simpleRoseraie simpleComprenant un ensemble de : 4 tuteurs 50 cm + 4 tuteurs 150 cm + 4 tuteurs 250 cm\u00a0 avec lien en cuirMati\u00e8re : Aluminium (fonte \u00e0 la cire perdue)Poids de l&#8217;ensemble : 13,6 kgDimensions de la structure &#8230;<\/p>\n","protected":false},"featured_media":6934,"template":"","meta":[],"product_cat":[139],"product_tag":[],"_links":{"self":[{"href":"https:\/\/www.jardinsduroisoleil.com\/en\/wp-json\/wp\/v2\/product\/11907"}],"collection":[{"href":"https:\/\/www.jardinsduroisoleil.com\/en\/wp-json\/wp\/v2\/product"}],"about":[{"href":"https:\/\/www.jardinsduroisoleil.com\/en\/wp-json\/wp\/v2\/types\/product"}],"version-history":[{"count":5,"href":"https:\/\/www.jardinsduroisoleil.com\/en\/wp-json\/wp\/v2\/product\/11907\/revisions"}],"predecessor-version":[{"id":16120,"href":"https:\/\/www.jardinsduroisoleil.com\/en\/wp-json\/wp\/v2\/product\/11907\/revisions\/16120"}],"wp:featuredmedia":[{"embeddable":true,"href":"https:\/\/www.jardinsduroisoleil.com\/en\/wp-json\/wp\/v2\/media\/6934"}],"wp:attachment":[{"href":"https:\/\/www.jardinsduroisoleil.com\/en\/wp-json\/wp\/v2\/media?parent=11907"}],"wp:term":[{"taxonomy":"product_cat","embeddable":true,"href":"https:\/\/www.jardinsduroisoleil.com\/en\/wp-json\/wp\/v2\/product_cat?post=11907"},{"taxonomy":"product_tag","embeddable":true,"href":"https:\/\/www.jardinsduroisoleil.com\/en\/wp-json\/wp\/v2\/product_tag?post=11907"}],"curies":[{"name":"wp","href":"https:\/\/api.w.org\/{rel}","templated":true}]}}