
{"id":8038,"date":"2024-04-30T11:26:59","date_gmt":"2024-04-30T09:26:59","guid":{"rendered":"https:\/\/www.jardinsduroisoleil.com\/?page_id=8038"},"modified":"2026-01-30T15:56:08","modified_gmt":"2026-01-30T14:56:08","slug":"ballin-bronze-vases","status":"publish","type":"page","link":"https:\/\/www.jardinsduroisoleil.com\/en\/home-2\/online-shop\/ballin-bronze-vases\/","title":{"rendered":"Ballin bronze vases"},"content":{"rendered":"\t\t<div data-elementor-type=\"wp-page\" data-elementor-id=\"8038\" class=\"elementor elementor-8038 elementor-8033\" data-elementor-settings=\"[]\">\n\t\t\t<div class=\"elementor-inner\">\n\t\t\t\t<div class=\"elementor-section-wrap\">\n\t\t\t\t\t\t\t<section class=\"elementor-element elementor-element-bd81fe6 elementor-section-boxed elementor-section-height-default elementor-section-height-default elementor-section elementor-top-section\" data-id=\"bd81fe6\" data-element_type=\"section\">\n\t\t\t\t\t\t<div class=\"elementor-container elementor-column-gap-default\">\n\t\t\t\t<div class=\"elementor-row\">\n\t\t\t\t<div class=\"elementor-element elementor-element-a6a1840 elementor-column elementor-col-50 elementor-top-column\" data-id=\"a6a1840\" data-element_type=\"column\">\n\t\t\t<div class=\"elementor-column-wrap  elementor-element-populated\">\n\t\t\t\t\t<div class=\"elementor-widget-wrap\">\n\t\t\t\t<div class=\"elementor-element elementor-element-4b7f1de elementor-widget elementor-widget-image\" data-id=\"4b7f1de\" data-element_type=\"widget\" data-widget_type=\"image.default\">\n\t\t\t\t<div class=\"elementor-widget-container\">\n\t\t\t\t\t<div class=\"elementor-image\">\n\t\t\t\t\t\t\t\t\t\t\t<a href=\"https:\/\/www.jardinsduroisoleil.com\/en\/nos-produits\/urn-handles-with-grimacing-faces\/\">\n\t\t\t\t\t\t\t<img loading=\"lazy\" decoding=\"async\" width=\"300\" height=\"300\" src=\"https:\/\/www.jardinsduroisoleil.com\/wp-content\/uploads\/2023\/12\/Vases-visages-grimacants-300x300.jpg\" class=\"attachment-woocommerce_thumbnail size-woocommerce_thumbnail\" alt=\"Vases-visages-grimac\u0327ants\" srcset=\"https:\/\/www.jardinsduroisoleil.com\/wp-content\/uploads\/2023\/12\/Vases-visages-grimacants-300x300.jpg 300w, https:\/\/www.jardinsduroisoleil.com\/wp-content\/uploads\/2023\/12\/Vases-visages-grimacants-150x150.jpg 150w, https:\/\/www.jardinsduroisoleil.com\/wp-content\/uploads\/2023\/12\/Vases-visages-grimacants-768x768.jpg 768w, https:\/\/www.jardinsduroisoleil.com\/wp-content\/uploads\/2023\/12\/Vases-visages-grimacants-600x600.jpg 600w, https:\/\/www.jardinsduroisoleil.com\/wp-content\/uploads\/2023\/12\/Vases-visages-grimacants-100x100.jpg 100w, https:\/\/www.jardinsduroisoleil.com\/wp-content\/uploads\/2023\/12\/Vases-visages-grimacants.jpg 1000w\" sizes=\"(max-width: 300px) 100vw, 300px\" \/>\t\t\t\t\t\t\t\t<\/a>\n\t\t\t\t\t\t\t\t\t\t\t<\/div>\n\t\t\t\t<\/div>\n\t\t\t\t<\/div>\n\t\t\t\t<div class=\"elementor-element elementor-element-e9eb241 elementor-widget elementor-widget-text-editor\" data-id=\"e9eb241\" data-element_type=\"widget\" data-widget_type=\"text-editor.default\">\n\t\t\t\t<div class=\"elementor-widget-container\">\n\t\t\t\t\t<div class=\"elementor-text-editor elementor-clearfix\"><p><a href=\"https:\/\/www.jardinsduroisoleil.com\/en\/nos-produits\/urn-handles-with-grimacing-faces\/\">Urn &#8211; handles with grimacing faces<\/a><br \/><a href=\"https:\/\/www.jardinsduroisoleil.com\/en\/nos-produits\/urn-handles-with-grimacing-faces\/\">Unit<\/a><br \/><a href=\"https:\/\/www.jardinsduroisoleil.com\/en\/nos-produits\/urn-handles-with-grimacing-faces\/\">6750 \u20ac excluding taxes <br \/><strong>Buy online<\/strong><\/a><\/p><p>\u00a0<\/p><\/div>\n\t\t\t\t<\/div>\n\t\t\t\t<\/div>\n\t\t\t\t\t\t<\/div>\n\t\t\t<\/div>\n\t\t<\/div>\n\t\t\t\t<div class=\"elementor-element elementor-element-73b22c5 elementor-column elementor-col-50 elementor-top-column\" data-id=\"73b22c5\" data-element_type=\"column\">\n\t\t\t<div class=\"elementor-column-wrap  elementor-element-populated\">\n\t\t\t\t\t<div class=\"elementor-widget-wrap\">\n\t\t\t\t<div class=\"elementor-element elementor-element-22fc4e0 elementor-widget elementor-widget-image\" data-id=\"22fc4e0\" data-element_type=\"widget\" data-widget_type=\"image.default\">\n\t\t\t\t<div class=\"elementor-widget-container\">\n\t\t\t\t\t<div class=\"elementor-image\">\n\t\t\t\t\t\t\t\t\t\t\t<a href=\"https:\/\/www.jardinsduroisoleil.com\/en\/nos-produits\/urn-wildlife-head-handles\/\">\n\t\t\t\t\t\t\t<img loading=\"lazy\" decoding=\"async\" width=\"300\" height=\"300\" src=\"https:\/\/www.jardinsduroisoleil.com\/wp-content\/uploads\/2023\/12\/vases-faunes-300x300.jpg\" class=\"attachment-woocommerce_thumbnail size-woocommerce_thumbnail\" alt=\"vases-faunes\" srcset=\"https:\/\/www.jardinsduroisoleil.com\/wp-content\/uploads\/2023\/12\/vases-faunes-300x300.jpg 300w, https:\/\/www.jardinsduroisoleil.com\/wp-content\/uploads\/2023\/12\/vases-faunes-150x150.jpg 150w, https:\/\/www.jardinsduroisoleil.com\/wp-content\/uploads\/2023\/12\/vases-faunes-768x768.jpg 768w, https:\/\/www.jardinsduroisoleil.com\/wp-content\/uploads\/2023\/12\/vases-faunes-600x600.jpg 600w, https:\/\/www.jardinsduroisoleil.com\/wp-content\/uploads\/2023\/12\/vases-faunes-100x100.jpg 100w, https:\/\/www.jardinsduroisoleil.com\/wp-content\/uploads\/2023\/12\/vases-faunes.jpg 1000w\" sizes=\"(max-width: 300px) 100vw, 300px\" \/>\t\t\t\t\t\t\t\t<\/a>\n\t\t\t\t\t\t\t\t\t\t\t<\/div>\n\t\t\t\t<\/div>\n\t\t\t\t<\/div>\n\t\t\t\t<div class=\"elementor-element elementor-element-645ca00 elementor-widget elementor-widget-text-editor\" data-id=\"645ca00\" data-element_type=\"widget\" data-widget_type=\"text-editor.default\">\n\t\t\t\t<div class=\"elementor-widget-container\">\n\t\t\t\t\t<div class=\"elementor-text-editor elementor-clearfix\"><p><a href=\"https:\/\/www.jardinsduroisoleil.com\/en\/nos-produits\/urn-wildlife-head-handles\/\">Urn &#8211; wildlife head handles<\/a><br \/><a href=\"https:\/\/www.jardinsduroisoleil.com\/en\/nos-produits\/urn-wildlife-head-handles\/\">Unit<\/a><br \/><a href=\"https:\/\/www.jardinsduroisoleil.com\/en\/nos-produits\/urn-wildlife-head-handles\/\">7390 \u20ac excluding taxes <br \/><strong>Buy online<\/strong><\/a><\/p><\/div>\n\t\t\t\t<\/div>\n\t\t\t\t<\/div>\n\t\t\t\t\t\t<\/div>\n\t\t\t<\/div>\n\t\t<\/div>\n\t\t\t\t\t\t<\/div>\n\t\t\t<\/div>\n\t\t<\/section>\n\t\t\t\t<section class=\"elementor-element elementor-element-26a48a6 elementor-section-boxed elementor-section-height-default elementor-section-height-default elementor-section elementor-top-section\" data-id=\"26a48a6\" data-element_type=\"section\">\n\t\t\t\t\t\t<div class=\"elementor-container elementor-column-gap-default\">\n\t\t\t\t<div class=\"elementor-row\">\n\t\t\t\t<div class=\"elementor-element elementor-element-ea9df33 elementor-column elementor-col-100 elementor-top-column\" data-id=\"ea9df33\" data-element_type=\"column\">\n\t\t\t<div class=\"elementor-column-wrap  elementor-element-populated\">\n\t\t\t\t\t<div class=\"elementor-widget-wrap\">\n\t\t\t\t<div class=\"elementor-element elementor-element-ff66d52 elementor-widget elementor-widget-heading\" data-id=\"ff66d52\" data-element_type=\"widget\" data-widget_type=\"heading.default\">\n\t\t\t\t<div class=\"elementor-widget-container\">\n\t\t\t<h2 class=\"elementor-heading-title elementor-size-default\">You may also like<\/h2>\t\t<\/div>\n\t\t\t\t<\/div>\n\t\t\t\t\t\t<\/div>\n\t\t\t<\/div>\n\t\t<\/div>\n\t\t\t\t\t\t<\/div>\n\t\t\t<\/div>\n\t\t<\/section>\n\t\t\t\t<section class=\"elementor-element elementor-element-79434af elementor-section-boxed elementor-section-height-default elementor-section-height-default elementor-section elementor-top-section\" data-id=\"79434af\" data-element_type=\"section\">\n\t\t\t\t\t\t<div class=\"elementor-container elementor-column-gap-default\">\n\t\t\t\t<div class=\"elementor-row\">\n\t\t\t\t<div class=\"elementor-element elementor-element-4581ec3 elementor-column elementor-col-33 elementor-top-column\" data-id=\"4581ec3\" data-element_type=\"column\">\n\t\t\t<div class=\"elementor-column-wrap  elementor-element-populated\">\n\t\t\t\t\t<div class=\"elementor-widget-wrap\">\n\t\t\t\t<div class=\"elementor-element elementor-element-c5b01ef elementor-widget elementor-widget-image\" data-id=\"c5b01ef\" data-element_type=\"widget\" data-widget_type=\"image.default\">\n\t\t\t\t<div class=\"elementor-widget-container\">\n\t\t\t\t\t<div class=\"elementor-image\">\n\t\t\t\t\t\t\t\t\t\t\t<a href=\"https:\/\/www.jardinsduroisoleil.com\/en\/nos-produits\/bronze-cachepot-thalie\/\">\n\t\t\t\t\t\t\t<img loading=\"lazy\" decoding=\"async\" width=\"553\" height=\"553\" src=\"https:\/\/www.jardinsduroisoleil.com\/wp-content\/uploads\/2023\/12\/Caisse-bronze-balcon.jpg\" class=\"attachment-large size-large\" alt=\"Caisse bronze\" srcset=\"https:\/\/www.jardinsduroisoleil.com\/wp-content\/uploads\/2023\/12\/Caisse-bronze-balcon.jpg 553w, https:\/\/www.jardinsduroisoleil.com\/wp-content\/uploads\/2023\/12\/Caisse-bronze-balcon-300x300.jpg 300w, https:\/\/www.jardinsduroisoleil.com\/wp-content\/uploads\/2023\/12\/Caisse-bronze-balcon-150x150.jpg 150w, https:\/\/www.jardinsduroisoleil.com\/wp-content\/uploads\/2023\/12\/Caisse-bronze-balcon-100x100.jpg 100w\" sizes=\"(max-width: 553px) 100vw, 553px\" \/>\t\t\t\t\t\t\t\t<\/a>\n\t\t\t\t\t\t\t\t\t\t\t<\/div>\n\t\t\t\t<\/div>\n\t\t\t\t<\/div>\n\t\t\t\t\t\t<\/div>\n\t\t\t<\/div>\n\t\t<\/div>\n\t\t\t\t<div class=\"elementor-element elementor-element-cb70d06 elementor-column elementor-col-33 elementor-top-column\" data-id=\"cb70d06\" data-element_type=\"column\">\n\t\t\t<div class=\"elementor-column-wrap  elementor-element-populated\">\n\t\t\t\t\t<div class=\"elementor-widget-wrap\">\n\t\t\t\t<div class=\"elementor-element elementor-element-b31a707 elementor-widget elementor-widget-image\" data-id=\"b31a707\" data-element_type=\"widget\" data-widget_type=\"image.default\">\n\t\t\t\t<div class=\"elementor-widget-container\">\n\t\t\t\t\t<div class=\"elementor-image\">\n\t\t\t\t\t\t\t\t\t\t\t<a href=\"https:\/\/www.jardinsduroisoleil.com\/en\/home-2\/our-products-and-services\/outdoor-furniture\/pedestral-table\/\">\n\t\t\t\t\t\t\t<img loading=\"lazy\" decoding=\"async\" width=\"800\" height=\"800\" src=\"https:\/\/www.jardinsduroisoleil.com\/wp-content\/uploads\/2024\/01\/Table-3_4-carre-1024x1024.jpg\" class=\"attachment-large size-large\" alt=\"Table d&#039;appoint\" srcset=\"https:\/\/www.jardinsduroisoleil.com\/wp-content\/uploads\/2024\/01\/Table-3_4-carre-1024x1024.jpg 1024w, https:\/\/www.jardinsduroisoleil.com\/wp-content\/uploads\/2024\/01\/Table-3_4-carre-300x300.jpg 300w, https:\/\/www.jardinsduroisoleil.com\/wp-content\/uploads\/2024\/01\/Table-3_4-carre-150x150.jpg 150w, https:\/\/www.jardinsduroisoleil.com\/wp-content\/uploads\/2024\/01\/Table-3_4-carre-768x768.jpg 768w, https:\/\/www.jardinsduroisoleil.com\/wp-content\/uploads\/2024\/01\/Table-3_4-carre-1536x1536.jpg 1536w, https:\/\/www.jardinsduroisoleil.com\/wp-content\/uploads\/2024\/01\/Table-3_4-carre-2048x2048.jpg 2048w, https:\/\/www.jardinsduroisoleil.com\/wp-content\/uploads\/2024\/01\/Table-3_4-carre-600x600.jpg 600w, https:\/\/www.jardinsduroisoleil.com\/wp-content\/uploads\/2024\/01\/Table-3_4-carre-100x100.jpg 100w\" sizes=\"(max-width: 800px) 100vw, 800px\" \/>\t\t\t\t\t\t\t\t<\/a>\n\t\t\t\t\t\t\t\t\t\t\t<\/div>\n\t\t\t\t<\/div>\n\t\t\t\t<\/div>\n\t\t\t\t\t\t<\/div>\n\t\t\t<\/div>\n\t\t<\/div>\n\t\t\t\t<div class=\"elementor-element elementor-element-0e14730 elementor-column elementor-col-33 elementor-top-column\" data-id=\"0e14730\" data-element_type=\"column\">\n\t\t\t<div class=\"elementor-column-wrap  elementor-element-populated\">\n\t\t\t\t\t<div class=\"elementor-widget-wrap\">\n\t\t\t\t<div class=\"elementor-element elementor-element-988b693 elementor-widget elementor-widget-image\" data-id=\"988b693\" data-element_type=\"widget\" data-widget_type=\"image.default\">\n\t\t\t\t<div class=\"elementor-widget-container\">\n\t\t\t\t\t<div class=\"elementor-image\">\n\t\t\t\t\t\t\t\t\t\t\t<a href=\"https:\/\/www.jardinsduroisoleil.com\/en\/home-2\/our-products-and-services\/exceptional-containers\/tutors-assemblies-and-trellises\/\">\n\t\t\t\t\t\t\t<img loading=\"lazy\" decoding=\"async\" width=\"800\" height=\"800\" src=\"https:\/\/www.jardinsduroisoleil.com\/wp-content\/uploads\/2024\/01\/Tipi-2-1024x1024.jpg\" class=\"attachment-large size-large\" alt=\"Tuteur en aluminium associ\u00e9s \u00e0 une caisse \u00e0 oranger\" srcset=\"https:\/\/www.jardinsduroisoleil.com\/wp-content\/uploads\/2024\/01\/Tipi-2-1024x1024.jpg 1024w, https:\/\/www.jardinsduroisoleil.com\/wp-content\/uploads\/2024\/01\/Tipi-2-300x300.jpg 300w, https:\/\/www.jardinsduroisoleil.com\/wp-content\/uploads\/2024\/01\/Tipi-2-150x150.jpg 150w, https:\/\/www.jardinsduroisoleil.com\/wp-content\/uploads\/2024\/01\/Tipi-2-768x768.jpg 768w, https:\/\/www.jardinsduroisoleil.com\/wp-content\/uploads\/2024\/01\/Tipi-2-1536x1536.jpg 1536w, https:\/\/www.jardinsduroisoleil.com\/wp-content\/uploads\/2024\/01\/Tipi-2-2048x2048.jpg 2048w, https:\/\/www.jardinsduroisoleil.com\/wp-content\/uploads\/2024\/01\/Tipi-2-600x600.jpg 600w, https:\/\/www.jardinsduroisoleil.com\/wp-content\/uploads\/2024\/01\/Tipi-2-100x100.jpg 100w\" sizes=\"(max-width: 800px) 100vw, 800px\" \/>\t\t\t\t\t\t\t\t<\/a>\n\t\t\t\t\t\t\t\t\t\t\t<\/div>\n\t\t\t\t<\/div>\n\t\t\t\t<\/div>\n\t\t\t\t\t\t<\/div>\n\t\t\t<\/div>\n\t\t<\/div>\n\t\t\t\t\t\t<\/div>\n\t\t\t<\/div>\n\t\t<\/section>\n\t\t\t\t<section class=\"elementor-element elementor-element-3fd55ca4 newsletter elementor-section-boxed elementor-section-height-default elementor-section-height-default elementor-section elementor-top-section\" data-id=\"3fd55ca4\" data-element_type=\"section\">\n\t\t\t\t\t\t<div class=\"elementor-container elementor-column-gap-default\">\n\t\t\t\t<div class=\"elementor-row\">\n\t\t\t\t<section class=\"elementor-element elementor-element-44655fab elementor-column elementor-col-100 elementor-top-column\" data-id=\"44655fab\" data-element_type=\"column\">\n\t\t\t<div class=\"elementor-column-wrap  elementor-element-populated\">\n\t\t\t\t\t<div class=\"elementor-widget-wrap\">\n\t\t\t\t<div class=\"elementor-element elementor-element-6ca6c08a elementor-widget elementor-widget-heading\" data-id=\"6ca6c08a\" data-element_type=\"widget\" data-widget_type=\"heading.default\">\n\t\t\t\t<div class=\"elementor-widget-container\">\n\t\t\t<h2 class=\"elementor-heading-title elementor-size-default\">Suscribe to our newsletter<\/h2>\t\t<\/div>\n\t\t\t\t<\/div>\n\t\t\t\t<div class=\"elementor-element elementor-element-2b7f30be elementor-button-align-start elementor-widget elementor-widget-form\" data-id=\"2b7f30be\" data-element_type=\"widget\" data-widget_type=\"form.default\">\n\t\t\t\t<div class=\"elementor-widget-container\">\n\t\t\t\t\t<form class=\"elementor-form\" method=\"post\" name=\"Nouveau formulaire\">\n\t\t\t<input type=\"hidden\" name=\"post_id\" value=\"8038\"\/>\n\t\t\t<input type=\"hidden\" name=\"form_id\" value=\"2b7f30be\"\/>\n\n\t\t\t\n\t\t\t<div class=\"elementor-form-fields-wrapper elementor-labels-\">\n\t\t\t\t\t\t\t\t<div class=\"elementor-field-type-email elementor-field-group elementor-column elementor-field-group-email elementor-col-100 elementor-field-required\">\n\t\t\t\t\t<label for=\"form-field-email\" class=\"elementor-field-label elementor-screen-only\">E-mail<\/label><input size=\"1\" type=\"email\" name=\"form_fields[email]\" id=\"form-field-email\" class=\"elementor-field elementor-size-sm  elementor-field-textual\" placeholder=\"E-mail\" required=\"required\" aria-required=\"true\">\t\t\t\t<\/div>\n\t\t\t\t\t\t\t\t<div class=\"elementor-field-group elementor-column elementor-field-type-submit elementor-col-100\">\n\t\t\t\t\t<button type=\"submit\" class=\"elementor-button elementor-size-sm\">\n\t\t\t\t\t\t<span >\n\t\t\t\t\t\t\t\t\t\t\t\t\t\t\t<span class=\" elementor-button-icon\">\n\t\t\t\t\t\t\t\t\t\t\t\t\t\t\t\t\t\t\t\t\t\t\t\t\t\t<\/span>\n\t\t\t\t\t\t\t\t\t\t\t\t\t\t\t\t\t\t\t\t\t\t<span class=\"elementor-button-text\">><\/span>\n\t\t\t\t\t\t\t\t\t\t\t\t\t<\/span>\n\t\t\t\t\t<\/button>\n\t\t\t\t<\/div>\n\t\t\t<\/div>\n\t\t<\/form>\n\t\t\t\t<\/div>\n\t\t\t\t<\/div>\n\t\t\t\t<div class=\"elementor-element elementor-element-5f05d765 elementor-widget elementor-widget-wp-widget-text\" data-id=\"5f05d765\" data-element_type=\"widget\" data-widget_type=\"wp-widget-text.default\">\n\t\t\t\t<div class=\"elementor-widget-container\">\n\t\t\t\t\t\t<div class=\"textwidget\"><p>The data collected is intended for the use of the company Jardin du Roi Soleil, responsible for processing. <strong><a href=\"https:\/\/www.jardinsduroisoleil.com\/en\/privacy-policy\/\">See our personal data protection policy.<\/a><\/strong><\/p>\n<\/div>\n\t\t\t\t<\/div>\n\t\t\t\t<\/div>\n\t\t\t\t\t\t<\/div>\n\t\t\t<\/div>\n\t\t<\/section>\n\t\t\t\t\t\t<\/div>\n\t\t\t<\/div>\n\t\t<\/section>\n\t\t\t\t<section class=\"elementor-element elementor-element-691b94f elementor-section-boxed elementor-section-height-default elementor-section-height-default elementor-section elementor-top-section\" data-id=\"691b94f\" data-element_type=\"section\">\n\t\t\t\t\t\t<div class=\"elementor-container elementor-column-gap-default\">\n\t\t\t\t<div class=\"elementor-row\">\n\t\t\t\t<div class=\"elementor-element elementor-element-895d524 elementor-column elementor-col-100 elementor-top-column\" data-id=\"895d524\" data-element_type=\"column\">\n\t\t\t<div class=\"elementor-column-wrap  elementor-element-populated\">\n\t\t\t\t\t<div class=\"elementor-widget-wrap\">\n\t\t\t\t<div class=\"elementor-element elementor-element-ead10cb elementor-align-right elementor-widget elementor-widget-button\" data-id=\"ead10cb\" data-element_type=\"widget\" data-widget_type=\"button.default\">\n\t\t\t\t<div class=\"elementor-widget-container\">\n\t\t\t\t\t<div class=\"elementor-button-wrapper\">\n\t\t\t<a href=\"#TOP\" class=\"elementor-button-link elementor-button elementor-size-xs\" role=\"button\">\n\t\t\t\t\t\t<span class=\"elementor-button-content-wrapper\">\n\t\t\t\t\t\t<span class=\"elementor-button-text\">Haut de page<\/span>\n\t\t<\/span>\n\t\t\t\t\t<\/a>\n\t\t<\/div>\n\t\t\t\t<\/div>\n\t\t\t\t<\/div>\n\t\t\t\t\t\t<\/div>\n\t\t\t<\/div>\n\t\t<\/div>\n\t\t\t\t\t\t<\/div>\n\t\t\t<\/div>\n\t\t<\/section>\n\t\t\t\t\t\t<\/div>\n\t\t\t<\/div>\n\t\t<\/div>\n\t\t","protected":false},"excerpt":{"rendered":"<p><a href=\"https:\/\/www.jardinsduroisoleil.com\/en\/nos-produits\/urn-handles-with-grimacing-faces\/\">\t\t\t\t\t\t\t\t<\/a><a href=\"https:\/\/www.jardinsduroisoleil.com\/en\/nos-produits\/urn-handles-with-grimacing-faces\/\">Urn &#8211; handles with grimacing faces<\/a><a href=\"https:\/\/www.jardinsduroisoleil.com\/en\/nos-produits\/urn-handles-with-grimacing-faces\/\">Unit<\/a><a href=\"https:\/\/www.jardinsduroisoleil.com\/en\/nos-produits\/urn-handles-with-grimacing-faces\/\">6750 \u20ac excluding taxes Buy online<\/a>\u00a0\t\t\t\t\t\t\t\t\t\t\t<a href=\"https:\/\/www.jardinsduroisoleil.com\/en\/nos-produits\/urn-wildlife-head-handles\/\">\t\t\t\t\t\t\t\t<\/a><a href=\"https:\/\/www.jardinsduroisoleil.com\/en\/nos-produits\/urn-wildlife-head-handles\/\">Urn &#8211; wildlife head handles<\/a><a href=\"https:\/\/www.jardinsduroisoleil.com\/en\/nos-produits\/urn-wildlife-head-handles\/\">Unit<\/a><a href=\"https:\/\/www.jardinsduroisoleil.com\/en\/nos-produits\/urn-wildlife-head-handles\/\">7390 \u20ac excluding taxes Buy online<\/a>You may also like\t\t\t\t\t\t\t\t\t\t\t<a href=\"https:\/\/www.jardinsduroisoleil.com\/en\/nos-produits\/bronze-cachepot-thalie\/\">\t\t\t\t\t\t\t\t<\/a><a href=\"https:\/\/www.jardinsduroisoleil.com\/en\/home-2\/our-products-and-services\/outdoor-furniture\/pedestral-table\/\">\t\t\t\t\t\t\t\t<\/a><a href=\"https:\/\/www.jardinsduroisoleil.com\/en\/home-2\/our-products-and-services\/exceptional-containers\/tutors-assemblies-and-trellises\/\">\t\t\t\t\t\t\t\t<\/a>Suscribe to our newsletter\t\t\t<a href=\"#TOP\" role=\"button\"><br \/>\n\t\t\t\t\t\tHaut de &#8230;<\/p>\n","protected":false},"author":20,"featured_media":0,"parent":15514,"menu_order":6,"comment_status":"closed","ping_status":"closed","template":"","meta":{"footnotes":""},"_links":{"self":[{"href":"https:\/\/www.jardinsduroisoleil.com\/en\/wp-json\/wp\/v2\/pages\/8038"}],"collection":[{"href":"https:\/\/www.jardinsduroisoleil.com\/en\/wp-json\/wp\/v2\/pages"}],"about":[{"href":"https:\/\/www.jardinsduroisoleil.com\/en\/wp-json\/wp\/v2\/types\/page"}],"author":[{"embeddable":true,"href":"https:\/\/www.jardinsduroisoleil.com\/en\/wp-json\/wp\/v2\/users\/20"}],"replies":[{"embeddable":true,"href":"https:\/\/www.jardinsduroisoleil.com\/en\/wp-json\/wp\/v2\/comments?post=8038"}],"version-history":[{"count":9,"href":"https:\/\/www.jardinsduroisoleil.com\/en\/wp-json\/wp\/v2\/pages\/8038\/revisions"}],"predecessor-version":[{"id":16251,"href":"https:\/\/www.jardinsduroisoleil.com\/en\/wp-json\/wp\/v2\/pages\/8038\/revisions\/16251"}],"up":[{"embeddable":true,"href":"https:\/\/www.jardinsduroisoleil.com\/en\/wp-json\/wp\/v2\/pages\/15514"}],"wp:attachment":[{"href":"https:\/\/www.jardinsduroisoleil.com\/en\/wp-json\/wp\/v2\/media?parent=8038"}],"curies":[{"name":"wp","href":"https:\/\/api.w.org\/{rel}","templated":true}]}}