
{"id":3642,"date":"2022-03-28T15:47:03","date_gmt":"2022-03-28T13:47:03","guid":{"rendered":"https:\/\/www.jardinsduroisoleil.com\/the-art-of-french-gardening\/"},"modified":"2022-03-28T15:47:13","modified_gmt":"2022-03-28T13:47:13","slug":"the-art-of-french-gardening","status":"publish","type":"page","link":"https:\/\/www.jardinsduroisoleil.com\/en\/home-2\/who-are-we\/the-art-of-french-gardening\/","title":{"rendered":"The Art of French gardening"},"content":{"rendered":"\t\t<div data-elementor-type=\"wp-page\" data-elementor-id=\"3642\" class=\"elementor elementor-3642 elementor-1314\" data-elementor-settings=\"[]\">\n\t\t\t<div class=\"elementor-inner\">\n\t\t\t\t<div class=\"elementor-section-wrap\">\n\t\t\t\t\t\t\t<section class=\"elementor-element elementor-element-494693d elementor-section-boxed elementor-section-height-default elementor-section-height-default elementor-section elementor-top-section\" data-id=\"494693d\" data-element_type=\"section\">\n\t\t\t\t\t\t<div class=\"elementor-container elementor-column-gap-default\">\n\t\t\t\t<div class=\"elementor-row\">\n\t\t\t\t<div class=\"elementor-element elementor-element-82f506e elementor-column elementor-col-100 elementor-top-column\" data-id=\"82f506e\" data-element_type=\"column\">\n\t\t\t<div class=\"elementor-column-wrap  elementor-element-populated\">\n\t\t\t\t\t<div class=\"elementor-widget-wrap\">\n\t\t\t\t<div class=\"elementor-element elementor-element-62927c5 elementor-widget elementor-widget-heading\" data-id=\"62927c5\" data-element_type=\"widget\" data-widget_type=\"heading.default\">\n\t\t\t\t<div class=\"elementor-widget-container\">\n\t\t\t<h1 class=\"elementor-heading-title elementor-size-default\">The Art of French gardening<\/h1>\t\t<\/div>\n\t\t\t\t<\/div>\n\t\t\t\t\t\t<\/div>\n\t\t\t<\/div>\n\t\t<\/div>\n\t\t\t\t\t\t<\/div>\n\t\t\t<\/div>\n\t\t<\/section>\n\t\t\t\t<section class=\"elementor-element elementor-element-3d537f5a elementor-section-stretched elementor-reverse-mobile elementor-section-boxed elementor-section-height-default elementor-section-height-default elementor-section elementor-top-section\" data-id=\"3d537f5a\" data-element_type=\"section\" data-settings=\"{&quot;stretch_section&quot;:&quot;section-stretched&quot;}\">\n\t\t\t\t\t\t<div class=\"elementor-container elementor-column-gap-default\">\n\t\t\t\t<div class=\"elementor-row\">\n\t\t\t\t<div class=\"elementor-element elementor-element-2174142e elementor-column elementor-col-50 elementor-top-column\" data-id=\"2174142e\" data-element_type=\"column\">\n\t\t\t<div class=\"elementor-column-wrap  elementor-element-populated\">\n\t\t\t\t\t<div class=\"elementor-widget-wrap\">\n\t\t\t\t<div class=\"elementor-element elementor-element-79afe361 elementor-widget elementor-widget-heading\" data-id=\"79afe361\" data-element_type=\"widget\" data-widget_type=\"heading.default\">\n\t\t\t\t<div class=\"elementor-widget-container\">\n\t\t\t<h3 class=\"elementor-heading-title elementor-size-default\">A revolution in the art of gardening<\/h3>\t\t<\/div>\n\t\t\t\t<\/div>\n\t\t\t\t<div class=\"elementor-element elementor-element-48499eff elementor-widget elementor-widget-text-editor\" data-id=\"48499eff\" data-element_type=\"widget\" data-widget_type=\"text-editor.default\">\n\t\t\t\t<div class=\"elementor-widget-container\">\n\t\t\t\t\t<div class=\"elementor-text-editor elementor-clearfix\"><p>Seventeenth-century France brought about a true revolution to garden designing. Combining architecture and the art of gardening, the new French-style garden transforms the landscape into a geometric and mastered work of art, expression domination over nature and the triumph of rigor. Considered an extension of architecture, the French-style gardens could be admired from the official reception rooms and noble areas. The perspective effects enhanced the beauty of nature landscapes.<\/p>\n<\/div>\n\t\t\t\t<\/div>\n\t\t\t\t<\/div>\n\t\t\t\t\t\t<\/div>\n\t\t\t<\/div>\n\t\t<\/div>\n\t\t\t\t<div class=\"elementor-element elementor-element-4eccbdc4 elementor-column elementor-col-50 elementor-top-column\" data-id=\"4eccbdc4\" data-element_type=\"column\">\n\t\t\t<div class=\"elementor-column-wrap  elementor-element-populated\">\n\t\t\t\t\t<div class=\"elementor-widget-wrap\">\n\t\t\t\t<div class=\"elementor-element elementor-element-479a9e1f elementor-widget elementor-widget-image\" data-id=\"479a9e1f\" data-element_type=\"widget\" data-widget_type=\"image.default\">\n\t\t\t\t<div class=\"elementor-widget-container\">\n\t\t\t\t\t<div class=\"elementor-image\">\n\t\t\t\t\t\t\t\t\t\t<img loading=\"lazy\" decoding=\"async\" width=\"800\" height=\"971\" src=\"https:\/\/www.jardinsduroisoleil.com\/wp-content\/uploads\/2020\/04\/1768-J-A-CHARPENTIER-Le-duc-de-Penthievre-et-sa-fille-Musee-national-du-chateau-de-Versailles-844x1024.jpg\" class=\"attachment-large size-large\" alt=\"1768 J-A CHARPENTIER Le duc de Penthievre et sa fille Musee national du chateau de Versailles\" srcset=\"https:\/\/www.jardinsduroisoleil.com\/wp-content\/uploads\/2020\/04\/1768-J-A-CHARPENTIER-Le-duc-de-Penthievre-et-sa-fille-Musee-national-du-chateau-de-Versailles-844x1024.jpg 844w, https:\/\/www.jardinsduroisoleil.com\/wp-content\/uploads\/2020\/04\/1768-J-A-CHARPENTIER-Le-duc-de-Penthievre-et-sa-fille-Musee-national-du-chateau-de-Versailles-247x300.jpg 247w, https:\/\/www.jardinsduroisoleil.com\/wp-content\/uploads\/2020\/04\/1768-J-A-CHARPENTIER-Le-duc-de-Penthievre-et-sa-fille-Musee-national-du-chateau-de-Versailles-768x932.jpg 768w, https:\/\/www.jardinsduroisoleil.com\/wp-content\/uploads\/2020\/04\/1768-J-A-CHARPENTIER-Le-duc-de-Penthievre-et-sa-fille-Musee-national-du-chateau-de-Versailles-600x728.jpg 600w, https:\/\/www.jardinsduroisoleil.com\/wp-content\/uploads\/2020\/04\/1768-J-A-CHARPENTIER-Le-duc-de-Penthievre-et-sa-fille-Musee-national-du-chateau-de-Versailles.jpg 1155w\" sizes=\"(max-width: 800px) 100vw, 800px\" \/>\t\t\t\t\t\t\t\t\t\t\t<\/div>\n\t\t\t\t<\/div>\n\t\t\t\t<\/div>\n\t\t\t\t\t\t<\/div>\n\t\t\t<\/div>\n\t\t<\/div>\n\t\t\t\t\t\t<\/div>\n\t\t\t<\/div>\n\t\t<\/section>\n\t\t\t\t<section class=\"elementor-element elementor-element-5adb6b94 elementor-section-full_width elementor-section-height-min-height elementor-section-content-middle elementor-section-height-default elementor-section-items-middle elementor-section elementor-top-section\" data-id=\"5adb6b94\" data-element_type=\"section\" data-settings=\"{&quot;background_background&quot;:&quot;classic&quot;}\">\n\t\t\t\t\t\t<div class=\"elementor-container elementor-column-gap-default\">\n\t\t\t\t<div class=\"elementor-row\">\n\t\t\t\t<div class=\"elementor-element elementor-element-5c31e906 elementor-column elementor-col-100 elementor-top-column\" data-id=\"5c31e906\" data-element_type=\"column\">\n\t\t\t<div class=\"elementor-column-wrap\">\n\t\t\t\t\t<div class=\"elementor-widget-wrap\">\n\t\t\t\t\t\t<\/div>\n\t\t\t<\/div>\n\t\t<\/div>\n\t\t\t\t\t\t<\/div>\n\t\t\t<\/div>\n\t\t<\/section>\n\t\t\t\t<section class=\"elementor-element elementor-element-7848708 elementor-section-stretched elementor-reverse-mobile elementor-section-boxed elementor-section-height-default elementor-section-height-default elementor-section elementor-top-section\" data-id=\"7848708\" data-element_type=\"section\" data-settings=\"{&quot;stretch_section&quot;:&quot;section-stretched&quot;}\">\n\t\t\t\t\t\t<div class=\"elementor-container elementor-column-gap-default\">\n\t\t\t\t<div class=\"elementor-row\">\n\t\t\t\t<div class=\"elementor-element elementor-element-4e09e0d elementor-column elementor-col-50 elementor-top-column\" data-id=\"4e09e0d\" data-element_type=\"column\">\n\t\t\t<div class=\"elementor-column-wrap  elementor-element-populated\">\n\t\t\t\t\t<div class=\"elementor-widget-wrap\">\n\t\t\t\t<div class=\"elementor-element elementor-element-484d1cb elementor-widget elementor-widget-image\" data-id=\"484d1cb\" data-element_type=\"widget\" data-widget_type=\"image.default\">\n\t\t\t\t<div class=\"elementor-widget-container\">\n\t\t\t\t\t<div class=\"elementor-image\">\n\t\t\t\t\t\t\t\t\t\t<img loading=\"lazy\" decoding=\"async\" width=\"800\" height=\"971\" src=\"https:\/\/www.jardinsduroisoleil.com\/wp-content\/uploads\/2020\/04\/Plan_Jardin_Andre\u0301_LeNo\u0302tre_1737-844x1024.jpg\" class=\"attachment-large size-large\" alt=\"Plan Jardins Du Ch\u00e2teau de Versailles Andr\u00e9 le N\u00f4tre\" srcset=\"https:\/\/www.jardinsduroisoleil.com\/wp-content\/uploads\/2020\/04\/Plan_Jardin_Andre\u0301_LeNo\u0302tre_1737-844x1024.jpg 844w, https:\/\/www.jardinsduroisoleil.com\/wp-content\/uploads\/2020\/04\/Plan_Jardin_Andre\u0301_LeNo\u0302tre_1737-247x300.jpg 247w, https:\/\/www.jardinsduroisoleil.com\/wp-content\/uploads\/2020\/04\/Plan_Jardin_Andre\u0301_LeNo\u0302tre_1737-768x932.jpg 768w, https:\/\/www.jardinsduroisoleil.com\/wp-content\/uploads\/2020\/04\/Plan_Jardin_Andre\u0301_LeNo\u0302tre_1737-600x728.jpg 600w, https:\/\/www.jardinsduroisoleil.com\/wp-content\/uploads\/2020\/04\/Plan_Jardin_Andre\u0301_LeNo\u0302tre_1737.jpg 1155w\" sizes=\"(max-width: 800px) 100vw, 800px\" \/>\t\t\t\t\t\t\t\t\t\t\t<\/div>\n\t\t\t\t<\/div>\n\t\t\t\t<\/div>\n\t\t\t\t\t\t<\/div>\n\t\t\t<\/div>\n\t\t<\/div>\n\t\t\t\t<div class=\"elementor-element elementor-element-19a8792 elementor-column elementor-col-50 elementor-top-column\" data-id=\"19a8792\" data-element_type=\"column\">\n\t\t\t<div class=\"elementor-column-wrap  elementor-element-populated\">\n\t\t\t\t\t<div class=\"elementor-widget-wrap\">\n\t\t\t\t<div class=\"elementor-element elementor-element-cb1af29 elementor-widget elementor-widget-heading\" data-id=\"cb1af29\" data-element_type=\"widget\" data-widget_type=\"heading.default\">\n\t\t\t\t<div class=\"elementor-widget-container\">\n\t\t\t<h3 class=\"elementor-heading-title elementor-size-default\">Andr\u00e9 Le N\u00f4tre, the Sun King\u2019s garderner<\/h3>\t\t<\/div>\n\t\t\t\t<\/div>\n\t\t\t\t<div class=\"elementor-element elementor-element-c7ee2c7 elementor-widget elementor-widget-text-editor\" data-id=\"c7ee2c7\" data-element_type=\"widget\" data-widget_type=\"text-editor.default\">\n\t\t\t\t<div class=\"elementor-widget-container\">\n\t\t\t\t\t<div class=\"elementor-text-editor elementor-clearfix\"><p>The king\u2019s gardener dynasties \u2013 the Mollets, Le N\u00f4tre, etc. \u2013 gave the French-style garden all its nobility. Although initially attracted to painting, Andr\u00e9 Le N\u00f4tre inherits his father\u2019s duty in 1637, becoming in turn \u201cplants and gardens draughtsman\u201d as well as Ordinary Garderner to the King and in charge of maintaining the Tuileries garden. Designed between 1652 and 1661, Vaux-le-Vicomte marked le N\u00f4tre\u2019s first French-style garden. He achieved great visual perspective, making the castle look immense yet not dominating or overpowering the garden. Louis XIV was astonished and therefore assigned him to transform Versailles into an example for the whole of Europe.<\/p>\n<p>Andr\u00e9 Le N\u00f4tre made Versailles his absolute masterpiece. Work began in 1662 and ended in 1693. The lawns and main paths are staked out with statues and pine trees cut into original and decorative shapes. Trellises and arbors form vast green walls. As a topiary art, vegetal architecture and perspectives master, Andr\u00e9 Le N\u00f4tre achieves skillful balance between the symmetry of axes and the fantasy of masses. The illustrious King\u2019s Garderner plays with light and shadow by mixing groves, flowerbeds and water installations which contrast with the rigorous symmetry of the main axes and secondary paths.<\/p>\n<\/div>\n\t\t\t\t<\/div>\n\t\t\t\t<\/div>\n\t\t\t\t\t\t<\/div>\n\t\t\t<\/div>\n\t\t<\/div>\n\t\t\t\t\t\t<\/div>\n\t\t\t<\/div>\n\t\t<\/section>\n\t\t\t\t<section class=\"elementor-element elementor-element-f734bb4 elementor-section-stretched elementor-section-boxed elementor-section-height-default elementor-section-height-default elementor-section elementor-top-section\" data-id=\"f734bb4\" data-element_type=\"section\" data-settings=\"{&quot;stretch_section&quot;:&quot;section-stretched&quot;}\">\n\t\t\t\t\t\t<div class=\"elementor-container elementor-column-gap-default\">\n\t\t\t\t<div class=\"elementor-row\">\n\t\t\t\t<div class=\"elementor-element elementor-element-c62348c elementor-column elementor-col-50 elementor-top-column\" data-id=\"c62348c\" data-element_type=\"column\">\n\t\t\t<div class=\"elementor-column-wrap  elementor-element-populated\">\n\t\t\t\t\t<div class=\"elementor-widget-wrap\">\n\t\t\t\t<div class=\"elementor-element elementor-element-ac049e8 elementor-widget elementor-widget-heading\" data-id=\"ac049e8\" data-element_type=\"widget\" data-widget_type=\"heading.default\">\n\t\t\t\t<div class=\"elementor-widget-container\">\n\t\t\t<h3 class=\"elementor-heading-title elementor-size-default\">Andr\u00e9 Le N\u00f4tre, king of gardeners<\/h3>\t\t<\/div>\n\t\t\t\t<\/div>\n\t\t\t\t<div class=\"elementor-element elementor-element-83baaf1 elementor-widget elementor-widget-text-editor\" data-id=\"83baaf1\" data-element_type=\"widget\" data-widget_type=\"text-editor.default\">\n\t\t\t\t<div class=\"elementor-widget-container\">\n\t\t\t\t\t<div class=\"elementor-text-editor elementor-clearfix\"><p>Le N\u00f4tre brings countless sculptures and a thousand young trees \u2013 including all varieties of orange trees. Around 1670, he designs the emblematic wooden planters to accommodate and easily transport the citrus. Orange trees are quite sensitive to the harsh coldness of winter. As a result, they seasonally get moved into shelters, in large rooms built for this purpose. Louis XIV brings together all the royal houses orange trees and acquires new ones from Italy, Spain and Portugal. The Versailles Orangery quickly enjoys Europe\u2019s largest collection. Named Contr\u00f4leur G\u00e9n\u00e9ral des B\u00e2timents, Ars et Manufactures de France by the Sun King himself, Andr\u00e9 Le N\u00f4tre remains nowadays the most famous gardener in the world.<\/p>\n<p>The Ch\u00e2teau de Versailles French-style gardens are jewels of the 17th century. They were copied and adapted in the palaces of the greatest princes of Europe, even going so far as to impress the Chinese emperor Chien Lung and serve as inspiration to the Yuang Ming Yuan gardens.<\/p>\n<p>Jardins du Roi Soleil proudly perpetuates Andr\u00e9 Le N\u00f4tre\u2019s timeless style by manufacturing garden furniture in the 21st century, including the \u00ab Ch\u00e2teau de Versailles \u00bb \u00ae orange planters with remarkable horticultural properties thanks you craftsmen and women of art who work accordingly to traditional know-hows. The astonishing and classic beauty of French-style gardens is at the heart of all our collections.<\/p>\n<\/div>\n\t\t\t\t<\/div>\n\t\t\t\t<\/div>\n\t\t\t\t\t\t<\/div>\n\t\t\t<\/div>\n\t\t<\/div>\n\t\t\t\t<div class=\"elementor-element elementor-element-998c97c elementor-column elementor-col-50 elementor-top-column\" data-id=\"998c97c\" data-element_type=\"column\">\n\t\t\t<div class=\"elementor-column-wrap  elementor-element-populated\">\n\t\t\t\t\t<div class=\"elementor-widget-wrap\">\n\t\t\t\t<div class=\"elementor-element elementor-element-8dad940 elementor-widget elementor-widget-image\" data-id=\"8dad940\" data-element_type=\"widget\" data-widget_type=\"image.default\">\n\t\t\t\t<div class=\"elementor-widget-container\">\n\t\t\t\t\t<div class=\"elementor-image\">\n\t\t\t\t\t\t\t\t\t\t<img loading=\"lazy\" decoding=\"async\" width=\"800\" height=\"971\" src=\"https:\/\/www.jardinsduroisoleil.com\/wp-content\/uploads\/2020\/04\/jardin-844x1024.jpg\" class=\"attachment-large size-large\" alt=\"Jardins du Ch\u00e2teau de Versailles\" srcset=\"https:\/\/www.jardinsduroisoleil.com\/wp-content\/uploads\/2020\/04\/jardin-844x1024.jpg 844w, https:\/\/www.jardinsduroisoleil.com\/wp-content\/uploads\/2020\/04\/jardin-247x300.jpg 247w, https:\/\/www.jardinsduroisoleil.com\/wp-content\/uploads\/2020\/04\/jardin-768x932.jpg 768w, https:\/\/www.jardinsduroisoleil.com\/wp-content\/uploads\/2020\/04\/jardin-600x728.jpg 600w, https:\/\/www.jardinsduroisoleil.com\/wp-content\/uploads\/2020\/04\/jardin.jpg 1155w\" sizes=\"(max-width: 800px) 100vw, 800px\" \/>\t\t\t\t\t\t\t\t\t\t\t<\/div>\n\t\t\t\t<\/div>\n\t\t\t\t<\/div>\n\t\t\t\t\t\t<\/div>\n\t\t\t<\/div>\n\t\t<\/div>\n\t\t\t\t\t\t<\/div>\n\t\t\t<\/div>\n\t\t<\/section>\n\t\t\t\t\t\t<\/div>\n\t\t\t<\/div>\n\t\t<\/div>\n\t\t","protected":false},"excerpt":{"rendered":"<p>The Art of French gardeningA revolution in the art of gardeningSeventeenth-century France brought about a true revolution to garden designing. Combining architecture and the art of gardening, the new French-style garden transforms the landscape into a geometric and mastered work &#8230;<\/p>\n","protected":false},"author":1,"featured_media":0,"parent":15093,"menu_order":3,"comment_status":"closed","ping_status":"closed","template":"elementor_header_footer","meta":{"footnotes":""},"_links":{"self":[{"href":"https:\/\/www.jardinsduroisoleil.com\/en\/wp-json\/wp\/v2\/pages\/3642"}],"collection":[{"href":"https:\/\/www.jardinsduroisoleil.com\/en\/wp-json\/wp\/v2\/pages"}],"about":[{"href":"https:\/\/www.jardinsduroisoleil.com\/en\/wp-json\/wp\/v2\/types\/page"}],"author":[{"embeddable":true,"href":"https:\/\/www.jardinsduroisoleil.com\/en\/wp-json\/wp\/v2\/users\/1"}],"replies":[{"embeddable":true,"href":"https:\/\/www.jardinsduroisoleil.com\/en\/wp-json\/wp\/v2\/comments?post=3642"}],"version-history":[{"count":3,"href":"https:\/\/www.jardinsduroisoleil.com\/en\/wp-json\/wp\/v2\/pages\/3642\/revisions"}],"predecessor-version":[{"id":3645,"href":"https:\/\/www.jardinsduroisoleil.com\/en\/wp-json\/wp\/v2\/pages\/3642\/revisions\/3645"}],"up":[{"embeddable":true,"href":"https:\/\/www.jardinsduroisoleil.com\/en\/wp-json\/wp\/v2\/pages\/15093"}],"wp:attachment":[{"href":"https:\/\/www.jardinsduroisoleil.com\/en\/wp-json\/wp\/v2\/media?parent=3642"}],"curies":[{"name":"wp","href":"https:\/\/api.w.org\/{rel}","templated":true}]}}